{"id":5435,"date":"2024-05-17T09:12:51","date_gmt":"2024-05-17T07:12:51","guid":{"rendered":"https:\/\/www.mclouis.com\/?page_id=5435"},"modified":"2026-03-03T11:30:31","modified_gmt":"2026-03-03T10:30:31","slug":"home","status":"publish","type":"page","link":"https:\/\/www.mclouis.com\/es\/","title":{"rendered":"Home"},"content":{"rendered":"","protected":false},"excerpt":{"rendered":"","protected":false},"author":2,"featured_media":0,"parent":0,"menu_order":0,"comment_status":"closed","ping_status":"open","template":"template-flexible.blade.php","meta":{"_acf_changed":false,"inline_featured_image":false,"footnotes":""},"class_list":["post-5435","page","type-page","status-publish","hentry"],"acf":[],"yoast_head":"<!-- This site is optimized with the Yoast SEO plugin v27.2 - https:\/\/yoast.com\/product\/yoast-seo-wordpress\/ -->\n<title>McLouis - Autocaravanas Integrales, Perfiladas y Capuchinas desde 1999<\/title>\n<meta name=\"description\" content=\"Una oferta amplia y din\u00e1mica cuyas actividades de innovaci\u00f3n e investigaci\u00f3n permiten responder oportunamente a la evoluci\u00f3n del turismo de viajes y a las necesidades de todo propietario de autocaravana, desde familias numerosas hasta parejas. Descubra la gama McLouis 2025.\" \/>\n<meta name=\"robots\" content=\"index, follow, max-snippet:-1, max-image-preview:large, max-video-preview:-1\" \/>\n<link rel=\"canonical\" href=\"https:\/\/www.mclouis.com\/es\/\" \/>\n<meta property=\"og:locale\" content=\"es_ES\" \/>\n<meta property=\"og:type\" content=\"article\" \/>\n<meta property=\"og:title\" content=\"McLouis - Autocaravanas Integrales, Perfiladas y Capuchinas desde 1999\" \/>\n<meta property=\"og:description\" content=\"Una oferta amplia y din\u00e1mica cuyas actividades de innovaci\u00f3n e investigaci\u00f3n permiten responder oportunamente a la evoluci\u00f3n del turismo de viajes y a las necesidades de todo propietario de autocaravana, desde familias numerosas hasta parejas. Descubra la gama McLouis 2025.\" \/>\n<meta property=\"og:url\" content=\"https:\/\/www.mclouis.com\/es\/\" \/>\n<meta property=\"og:site_name\" content=\"McLouis GLOBAL\" \/>\n<meta property=\"article:modified_time\" content=\"2026-03-03T10:30:31+00:00\" \/>\n<meta name=\"twitter:card\" content=\"summary_large_image\" \/>\n<script type=\"application\/ld+json\" class=\"yoast-schema-graph\">{\"@context\":\"https:\/\/schema.org\",\"@graph\":[{\"@type\":\"WebPage\",\"@id\":\"https:\/\/www.mclouis.com\/es\/\",\"url\":\"https:\/\/www.mclouis.com\/es\/\",\"name\":\"McLouis - Autocaravanas Integrales, Perfiladas y Capuchinas desde 1999\",\"isPartOf\":{\"@id\":\"https:\/\/www.mclouis.com\/es\/#website\"},\"datePublished\":\"2024-05-17T07:12:51+00:00\",\"dateModified\":\"2026-03-03T10:30:31+00:00\",\"description\":\"Una oferta amplia y din\u00e1mica cuyas actividades de innovaci\u00f3n e investigaci\u00f3n permiten responder oportunamente a la evoluci\u00f3n del turismo de viajes y a las necesidades de todo propietario de autocaravana, desde familias numerosas hasta parejas. Descubra la gama McLouis 2025.\",\"breadcrumb\":{\"@id\":\"https:\/\/www.mclouis.com\/es\/#breadcrumb\"},\"inLanguage\":\"es\",\"potentialAction\":[{\"@type\":\"ReadAction\",\"target\":[\"https:\/\/www.mclouis.com\/es\/\"]}]},{\"@type\":\"BreadcrumbList\",\"@id\":\"https:\/\/www.mclouis.com\/es\/#breadcrumb\",\"itemListElement\":[{\"@type\":\"ListItem\",\"position\":1,\"name\":\"Home\",\"item\":\"https:\/\/www.mclouis.com\/es\/\"},{\"@type\":\"ListItem\",\"position\":2,\"name\":\"Home\"}]},{\"@type\":\"WebSite\",\"@id\":\"https:\/\/www.mclouis.com\/es\/#website\",\"url\":\"https:\/\/www.mclouis.com\/es\/\",\"name\":\"McLouis GLOBAL\",\"description\":\"\",\"potentialAction\":[{\"@type\":\"SearchAction\",\"target\":{\"@type\":\"EntryPoint\",\"urlTemplate\":\"https:\/\/www.mclouis.com\/es\/?s={search_term_string}\"},\"query-input\":{\"@type\":\"PropertyValueSpecification\",\"valueRequired\":true,\"valueName\":\"search_term_string\"}}],\"inLanguage\":\"es\"}]}<\/script>\n<!-- \/ Yoast SEO plugin. -->","yoast_head_json":{"title":"McLouis - Autocaravanas Integrales, Perfiladas y Capuchinas desde 1999","description":"Una oferta amplia y din\u00e1mica cuyas actividades de innovaci\u00f3n e investigaci\u00f3n permiten responder oportunamente a la evoluci\u00f3n del turismo de viajes y a las necesidades de todo propietario de autocaravana, desde familias numerosas hasta parejas. Descubra la gama McLouis 2025.","robots":{"index":"index","follow":"follow","max-snippet":"max-snippet:-1","max-image-preview":"max-image-preview:large","max-video-preview":"max-video-preview:-1"},"canonical":"https:\/\/www.mclouis.com\/es\/","og_locale":"es_ES","og_type":"article","og_title":"McLouis - Autocaravanas Integrales, Perfiladas y Capuchinas desde 1999","og_description":"Una oferta amplia y din\u00e1mica cuyas actividades de innovaci\u00f3n e investigaci\u00f3n permiten responder oportunamente a la evoluci\u00f3n del turismo de viajes y a las necesidades de todo propietario de autocaravana, desde familias numerosas hasta parejas. Descubra la gama McLouis 2025.","og_url":"https:\/\/www.mclouis.com\/es\/","og_site_name":"McLouis GLOBAL","article_modified_time":"2026-03-03T10:30:31+00:00","twitter_card":"summary_large_image","schema":{"@context":"https:\/\/schema.org","@graph":[{"@type":"WebPage","@id":"https:\/\/www.mclouis.com\/es\/","url":"https:\/\/www.mclouis.com\/es\/","name":"McLouis - Autocaravanas Integrales, Perfiladas y Capuchinas desde 1999","isPartOf":{"@id":"https:\/\/www.mclouis.com\/es\/#website"},"datePublished":"2024-05-17T07:12:51+00:00","dateModified":"2026-03-03T10:30:31+00:00","description":"Una oferta amplia y din\u00e1mica cuyas actividades de innovaci\u00f3n e investigaci\u00f3n permiten responder oportunamente a la evoluci\u00f3n del turismo de viajes y a las necesidades de todo propietario de autocaravana, desde familias numerosas hasta parejas. Descubra la gama McLouis 2025.","breadcrumb":{"@id":"https:\/\/www.mclouis.com\/es\/#breadcrumb"},"inLanguage":"es","potentialAction":[{"@type":"ReadAction","target":["https:\/\/www.mclouis.com\/es\/"]}]},{"@type":"BreadcrumbList","@id":"https:\/\/www.mclouis.com\/es\/#breadcrumb","itemListElement":[{"@type":"ListItem","position":1,"name":"Home","item":"https:\/\/www.mclouis.com\/es\/"},{"@type":"ListItem","position":2,"name":"Home"}]},{"@type":"WebSite","@id":"https:\/\/www.mclouis.com\/es\/#website","url":"https:\/\/www.mclouis.com\/es\/","name":"McLouis GLOBAL","description":"","potentialAction":[{"@type":"SearchAction","target":{"@type":"EntryPoint","urlTemplate":"https:\/\/www.mclouis.com\/es\/?s={search_term_string}"},"query-input":{"@type":"PropertyValueSpecification","valueRequired":true,"valueName":"search_term_string"}}],"inLanguage":"es"}]}},"_links":{"self":[{"href":"https:\/\/www.mclouis.com\/es\/wp-json\/wp\/v2\/pages\/5435","targetHints":{"allow":["GET"]}}],"collection":[{"href":"https:\/\/www.mclouis.com\/es\/wp-json\/wp\/v2\/pages"}],"about":[{"href":"https:\/\/www.mclouis.com\/es\/wp-json\/wp\/v2\/types\/page"}],"author":[{"embeddable":true,"href":"https:\/\/www.mclouis.com\/es\/wp-json\/wp\/v2\/users\/2"}],"replies":[{"embeddable":true,"href":"https:\/\/www.mclouis.com\/es\/wp-json\/wp\/v2\/comments?post=5435"}],"version-history":[{"count":39,"href":"https:\/\/www.mclouis.com\/es\/wp-json\/wp\/v2\/pages\/5435\/revisions"}],"predecessor-version":[{"id":15305,"href":"https:\/\/www.mclouis.com\/es\/wp-json\/wp\/v2\/pages\/5435\/revisions\/15305"}],"wp:attachment":[{"href":"https:\/\/www.mclouis.com\/es\/wp-json\/wp\/v2\/media?parent=5435"}],"curies":[{"name":"wp","href":"https:\/\/api.w.org\/{rel}","templated":true}]}}