{"id":9160,"date":"2024-11-14T17:02:46","date_gmt":"2024-11-14T16:02:46","guid":{"rendered":"https:\/\/www.mclouis.com\/?page_id=9160"},"modified":"2025-05-23T11:48:55","modified_gmt":"2025-05-23T09:48:55","slug":"pack-serie-300","status":"publish","type":"page","link":"https:\/\/www.mclouis.com\/es\/pack-serie-300\/","title":{"rendered":"Pack Serie 300"},"content":{"rendered":"<div class=\"table-responsive\"><table class=\"table\" style=\"width: 94.5054%;height: 792px\" width=\"979\">\n<tbody>\n<tr style=\"height: 24px\">\n<td style=\"width: 87.3945%;height: 24px\"><strong>\u00a0<\/strong><\/td>\n<td style=\"width: 6.14945%;height: 24px;text-align: center\"><strong>FORD<\/strong><\/td>\n<td style=\"width: 6.45593%;height: 24px;text-align: center\"><strong>FIAT<\/strong><\/td>\n<\/tr>\n<tr style=\"height: 96px\">\n<td style=\"width: 87.3945%;height: 96px\" width=\"979\"><strong>PACK SERIE 300 FORD*<\/strong><br \/>\nMotor de 165 CV ; Faros High Series con luces de giro est\u00e1ticas; Guantera con cerradura; Revestimientos interiores y salpicadero \u00abTrend\u00bb; Parachoques y molduras laterales del color de la carrocer\u00eda; Puerta XL con dos puntos de cierre con ventana y cierre centralizado; Brazo TV; Techo panor\u00e1mico en Mc4; Fundas de los asientos coordinadas con la tapicer\u00eda; Panel solar 200 w con regulador MPPT; Oscurecedor plisado<\/td>\n<td style=\"width: 6.14945%;height: 96px;text-align: center\"><strong>X<\/strong><\/td>\n<td style=\"width: 6.45593%;height: 96px;text-align: center\"><strong>\u00a0<\/strong><\/td>\n<\/tr>\n<tr style=\"height: 48px\">\n<td style=\"width: 87.3945%;height: 48px\" width=\"979\"><strong>PACK MATIC FORD** &#8211; Necesario Pack Serie 300 Ford <\/strong><br \/>\nCambio autom\u00e1tico; Dise\u00f1o \u00abMatic\u00bb<\/td>\n<td style=\"width: 6.14945%;height: 48px;text-align: center\"><strong>X<\/strong><\/td>\n<td style=\"width: 6.45593%;height: 48px;text-align: center\"><strong>\u00a0<\/strong><\/td>\n<\/tr>\n<tr style=\"height: 48px\">\n<td style=\"width: 87.3945%;height: 48px\" width=\"979\"><strong>PACK DESIGN &#8211; Necesarios Pack Serie 300 Ford y Pack Matic Ford <\/strong><br \/>\nCabina con pintura metalizada Moondust Silver; Llantas de aleaci\u00f3n de 16&#8243; negras<\/td>\n<td style=\"width: 6.14945%;height: 48px;text-align: center\"><strong>X<\/strong><\/td>\n<td style=\"width: 6.45593%;height: 48px;text-align: center\"><strong>\u00a0<\/strong><\/td>\n<\/tr>\n<tr style=\"height: 96px\">\n<td style=\"width: 87.3945%;height: 96px\" width=\"979\"><strong>PACK EXTRA ASSISTANCE <b>(<\/b><b>chasis<\/b><b> Heavy <\/b><b>obligatorio<\/b><b>***) <\/b> \u2013 Necesarios Pack Serie 300 Ford y Pack Matic Ford <\/strong><br \/>\nDesempa\u00f1ador del parabrisas el\u00e9ctrico; Asistencia de precolisi\u00f3n 2.2 (radar de alcance medio, asistencia de direcci\u00f3n de emergencia y advertencia\/indicaci\u00f3n de la distancia al veh\u00edculo que colisiona &#8211; NCAP4*); Regulador de la velocidad de crucero adaptativo con centrado del carril y Stop&amp;Go; Integraci\u00f3n del regulador de la velocidad de crucero adaptativo con reconocimiento de las se\u00f1ales de tr\u00e1fico de velocidad; Retrovisores con desempa\u00f1ador el\u00e9ctrico plegable manualmente; Sistema de navegaci\u00f3n (incluye un a\u00f1o de prueba de \u00abConnected Navigation\u00bb, renovable mediante suscripci\u00f3n)<\/td>\n<td style=\"width: 6.14945%;height: 96px;text-align: center\"><strong>X<\/strong><\/td>\n<td style=\"width: 6.45593%;height: 96px;text-align: center\"><strong>\u00a0<\/strong><\/td>\n<\/tr>\n<tr style=\"height: 96px\">\n<td style=\"width: 87.3945%;height: 96px\" width=\"979\"><strong>PACK SERIE 300 FIAT*<\/strong><br \/>\nLuces antiniebla; Parachoques pintado en el color de la carrocer\u00eda; Placa protectora de color negro; Llantas de aleaci\u00f3n 16&#8243; bicolor; Volante y cambio de piel; Salpicadero tecno; Freno de mano el\u00e9ctrico; TPMS (sensor de presi\u00f3n neum\u00e1ticos); Puerta con dos puntos de cierre con ventana y cierre centralizado; Brazo TV; Techo panor\u00e1mico en Mc4; Fundas de los asientos coordinadas con la tapicer\u00eda; Panel solar 200 w con regulador MPPT; Oscurecedor plisado<\/td>\n<td style=\"width: 6.14945%;height: 96px;text-align: center\"><strong>\u00a0<\/strong><\/td>\n<td style=\"width: 6.45593%;height: 96px;text-align: center\"><strong>X<\/strong><\/td>\n<\/tr>\n<tr style=\"height: 48px\">\n<td style=\"width: 87.3945%;height: 48px\" width=\"979\"><strong>PACK MATIC FIAT &#8211; Necesario Pack Serie 300 Fiat<\/strong><br \/>\nCambio autom\u00e1tico; Dise\u00f1o \u00abMatic\u00bb; Suspensiones de composite****<\/td>\n<td style=\"width: 6.14945%;height: 48px;text-align: center\"><strong>\u00a0<\/strong><\/td>\n<td style=\"width: 6.45593%;height: 48px;text-align: center\"><strong>X<\/strong><\/td>\n<\/tr>\n<tr style=\"height: 48px\">\n<td style=\"width: 87.3945%;height: 48px\" width=\"979\"><strong>PACK EXTRA TECH FIAT &#8211; Necesario Pack Serie 300 Fiat<\/strong><br \/>\nFull Digital Cluster; Climatizador autom\u00e1tico; Cargador inal\u00e1mbrico para smartphones; Faros FULL LED<\/td>\n<td style=\"width: 6.14945%;height: 48px;text-align: center\"><strong>\u00a0<\/strong><\/td>\n<td style=\"width: 6.45593%;height: 48px;text-align: center\"><strong>X<\/strong><\/td>\n<\/tr>\n<tr style=\"height: 72px\">\n<td style=\"width: 87.3945%;height: 72px\" width=\"979\"><strong>PACK EXTRA SAFETY FIAT \u2013 Necesarios Pack Serie 300 Fiat y Pack Extra Tech <\/strong><br \/>\nRegulador de la velocidad de crucero adaptativo para &gt; 30 km\/h; Pack Safety Fiat\u00a0 (Full Brake Control con detecci\u00f3n de peatones; Sensores de luz y lluvia; Asistencia para mantenerse en el carril; Reconocimiento de se\u00f1ales de tr\u00e1fico; Advertencia de fatiga del conductor; Asistente de velocidad inteligente)<\/td>\n<td style=\"width: 6.14945%;height: 72px;text-align: center\"><strong>\u00a0<\/strong><\/td>\n<td style=\"width: 6.45593%;height: 72px;text-align: center\"><strong>X<\/strong><\/td>\n<\/tr>\n<tr style=\"height: 24px\">\n<td style=\"width: 87.3945%;height: 24px\"><strong>WINTER PACK<br \/>\n<\/strong>Dep\u00f3sito de aguas grises aislado y calefactado; Escal\u00f3n de entrada aislado<\/td>\n<td style=\"width: 6.14945%;height: 24px;text-align: center\"><strong>X<\/strong><\/td>\n<td style=\"width: 6.45593%;height: 24px;text-align: center\"><strong>X<\/strong><\/td>\n<\/tr>\n<tr style=\"height: 48px\">\n<td style=\"width: 87.3945%;height: 48px\" width=\"979\"><strong>PACK ENJOY OUTDOOR<\/strong><br \/>\nToldo blanco*****; Toma exterior de gas; Conexi\u00f3n de ducha de mano en el garaje; Toma multimedia exterior (12V \/ 220V \/ TV), Pared de garaje equipada<\/td>\n<td style=\"width: 6.14945%;height: 48px;text-align: center\"><strong>X<\/strong><\/td>\n<td style=\"width: 6.45593%;height: 48px;text-align: center\"><strong>X<\/strong><\/td>\n<\/tr>\n<tr style=\"height: 48px\">\n<td style=\"width: 87.3945%;height: 48px\" width=\"979\"><strong>PACK TV <b>POR SAT\u00c9LITE <\/b>24\u2019\u2019<\/strong><br \/>\nSmart TV 24\u2019\u2019; Antena parab\u00f3lica<\/td>\n<td style=\"width: 6.14945%;height: 48px;text-align: center\"><strong>X<\/strong><\/td>\n<td style=\"width: 6.45593%;height: 48px;text-align: center\"><strong>X<\/strong><\/td>\n<\/tr>\n<tr style=\"height: 48px\">\n<td style=\"width: 87.3945%;height: 48px\" width=\"979\"><strong>PACK TV DIGITAL 24\u2019\u2019<\/strong><br \/>\nSmart TV 24\u2019\u2019; Antena digital<\/td>\n<td style=\"width: 6.14945%;height: 48px;text-align: center\"><strong>X<\/strong><\/td>\n<td style=\"width: 6.45593%;height: 48px;text-align: center\"><strong>X<\/strong><\/td>\n<\/tr>\n<tr style=\"height: 48px\">\n<td style=\"width: 87.3945%;height: 48px\" width=\"979\"><strong>PACK TV WI-FI 24\u2019\u2019<\/strong><br \/>\nSmart TV 24\u2019\u2019; R\u00fater Wi-Fi<\/td>\n<td style=\"width: 6.14945%;height: 48px;text-align: center\"><strong>X<\/strong><\/td>\n<td style=\"width: 6.45593%;height: 48px;text-align: center\"><strong>X<\/strong><\/td>\n<\/tr>\n<\/tbody>\n<\/table><\/div>\n<p>&nbsp;<\/p>\n<p>* Pack Serie 300 Ford y Pack Serie 300 Fiat opcional sin coste. NOTA: promoci\u00f3n activa en la lista de precios de lanzamiento y v\u00e1lida hasta nueva comunicaci\u00f3n<br \/>\n** En Glamys Ford, el Pack Matic Ford debe seleccionarse <u>obligatoriamente<\/u> junto con el Pack Serie 300 Ford<br \/>\n*** Homologable tambi\u00e9n a 3,5 t<br \/>\n**** No disponible en chasis Heavy 4,25 &#8211; 4,4 t<br \/>\n***** 4 metros en Glamys 320, Mc4 321, 360, 365; 4,5 metros en Glamys 322, 365, Mc4 373, 379, 381<\/p>\n","protected":false},"excerpt":{"rendered":"<p>\u00a0 FORD FIAT PACK SERIE 300 FORD* Motor de 165 CV ; Faros High Series con luces de giro est\u00e1ticas; Guantera con cerradura; Revestimientos interiores y salpicadero \u00abTrend\u00bb; Parachoques y molduras laterales del color de la carrocer\u00eda; Puerta XL con dos puntos de cierre con ventana y cierre centralizado; Brazo TV; Techo panor\u00e1mico en Mc4; &hellip; <a href=\"https:\/\/www.mclouis.com\/es\/pack-serie-300\/\">Continued<\/a><\/p>\n","protected":false},"author":5,"featured_media":0,"parent":0,"menu_order":0,"comment_status":"closed","ping_status":"closed","template":"","meta":{"_acf_changed":false,"inline_featured_image":false,"footnotes":""},"class_list":["post-9160","page","type-page","status-publish","hentry"],"acf":[],"yoast_head":"<!-- This site is optimized with the Yoast SEO plugin v27.2 - https:\/\/yoast.com\/product\/yoast-seo-wordpress\/ -->\n<title>Pack Serie 300 - McLouis GLOBAL<\/title>\n<meta name=\"robots\" content=\"index, follow, max-snippet:-1, max-image-preview:large, max-video-preview:-1\" \/>\n<link rel=\"canonical\" href=\"https:\/\/www.mclouis.com\/es\/pack-serie-300\/\" \/>\n<meta property=\"og:locale\" content=\"es_ES\" \/>\n<meta property=\"og:type\" content=\"article\" \/>\n<meta property=\"og:title\" content=\"Pack Serie 300 - McLouis GLOBAL\" \/>\n<meta property=\"og:description\" content=\"\u00a0 FORD FIAT PACK SERIE 300 FORD* Motor de 165 CV ; Faros High Series con luces de giro est\u00e1ticas; Guantera con cerradura; Revestimientos interiores y salpicadero \u00abTrend\u00bb; Parachoques y molduras laterales del color de la carrocer\u00eda; Puerta XL con dos puntos de cierre con ventana y cierre centralizado; Brazo TV; Techo panor\u00e1mico en Mc4; &hellip; Continued\" \/>\n<meta property=\"og:url\" content=\"https:\/\/www.mclouis.com\/es\/pack-serie-300\/\" \/>\n<meta property=\"og:site_name\" content=\"McLouis GLOBAL\" \/>\n<meta property=\"article:modified_time\" content=\"2025-05-23T09:48:55+00:00\" \/>\n<meta name=\"twitter:card\" content=\"summary_large_image\" \/>\n<meta name=\"twitter:label1\" content=\"Tiempo de lectura\" \/>\n\t<meta name=\"twitter:data1\" content=\"3 minutos\" \/>\n<script type=\"application\/ld+json\" class=\"yoast-schema-graph\">{\"@context\":\"https:\/\/schema.org\",\"@graph\":[{\"@type\":\"WebPage\",\"@id\":\"https:\/\/www.mclouis.com\/es\/pack-serie-300\/\",\"url\":\"https:\/\/www.mclouis.com\/es\/pack-serie-300\/\",\"name\":\"Pack Serie 300 - McLouis GLOBAL\",\"isPartOf\":{\"@id\":\"https:\/\/www.mclouis.com\/es\/#website\"},\"datePublished\":\"2024-11-14T16:02:46+00:00\",\"dateModified\":\"2025-05-23T09:48:55+00:00\",\"breadcrumb\":{\"@id\":\"https:\/\/www.mclouis.com\/es\/pack-serie-300\/#breadcrumb\"},\"inLanguage\":\"es\",\"potentialAction\":[{\"@type\":\"ReadAction\",\"target\":[\"https:\/\/www.mclouis.com\/es\/pack-serie-300\/\"]}]},{\"@type\":\"BreadcrumbList\",\"@id\":\"https:\/\/www.mclouis.com\/es\/pack-serie-300\/#breadcrumb\",\"itemListElement\":[{\"@type\":\"ListItem\",\"position\":1,\"name\":\"Home\",\"item\":\"https:\/\/www.mclouis.com\/es\/\"},{\"@type\":\"ListItem\",\"position\":2,\"name\":\"Pack Serie 300\"}]},{\"@type\":\"WebSite\",\"@id\":\"https:\/\/www.mclouis.com\/es\/#website\",\"url\":\"https:\/\/www.mclouis.com\/es\/\",\"name\":\"McLouis GLOBAL\",\"description\":\"\",\"potentialAction\":[{\"@type\":\"SearchAction\",\"target\":{\"@type\":\"EntryPoint\",\"urlTemplate\":\"https:\/\/www.mclouis.com\/es\/?s={search_term_string}\"},\"query-input\":{\"@type\":\"PropertyValueSpecification\",\"valueRequired\":true,\"valueName\":\"search_term_string\"}}],\"inLanguage\":\"es\"}]}<\/script>\n<!-- \/ Yoast SEO plugin. -->","yoast_head_json":{"title":"Pack Serie 300 - McLouis GLOBAL","robots":{"index":"index","follow":"follow","max-snippet":"max-snippet:-1","max-image-preview":"max-image-preview:large","max-video-preview":"max-video-preview:-1"},"canonical":"https:\/\/www.mclouis.com\/es\/pack-serie-300\/","og_locale":"es_ES","og_type":"article","og_title":"Pack Serie 300 - McLouis GLOBAL","og_description":"\u00a0 FORD FIAT PACK SERIE 300 FORD* Motor de 165 CV ; Faros High Series con luces de giro est\u00e1ticas; Guantera con cerradura; Revestimientos interiores y salpicadero \u00abTrend\u00bb; Parachoques y molduras laterales del color de la carrocer\u00eda; Puerta XL con dos puntos de cierre con ventana y cierre centralizado; Brazo TV; Techo panor\u00e1mico en Mc4; &hellip; Continued","og_url":"https:\/\/www.mclouis.com\/es\/pack-serie-300\/","og_site_name":"McLouis GLOBAL","article_modified_time":"2025-05-23T09:48:55+00:00","twitter_card":"summary_large_image","twitter_misc":{"Tiempo de lectura":"3 minutos"},"schema":{"@context":"https:\/\/schema.org","@graph":[{"@type":"WebPage","@id":"https:\/\/www.mclouis.com\/es\/pack-serie-300\/","url":"https:\/\/www.mclouis.com\/es\/pack-serie-300\/","name":"Pack Serie 300 - McLouis GLOBAL","isPartOf":{"@id":"https:\/\/www.mclouis.com\/es\/#website"},"datePublished":"2024-11-14T16:02:46+00:00","dateModified":"2025-05-23T09:48:55+00:00","breadcrumb":{"@id":"https:\/\/www.mclouis.com\/es\/pack-serie-300\/#breadcrumb"},"inLanguage":"es","potentialAction":[{"@type":"ReadAction","target":["https:\/\/www.mclouis.com\/es\/pack-serie-300\/"]}]},{"@type":"BreadcrumbList","@id":"https:\/\/www.mclouis.com\/es\/pack-serie-300\/#breadcrumb","itemListElement":[{"@type":"ListItem","position":1,"name":"Home","item":"https:\/\/www.mclouis.com\/es\/"},{"@type":"ListItem","position":2,"name":"Pack Serie 300"}]},{"@type":"WebSite","@id":"https:\/\/www.mclouis.com\/es\/#website","url":"https:\/\/www.mclouis.com\/es\/","name":"McLouis GLOBAL","description":"","potentialAction":[{"@type":"SearchAction","target":{"@type":"EntryPoint","urlTemplate":"https:\/\/www.mclouis.com\/es\/?s={search_term_string}"},"query-input":{"@type":"PropertyValueSpecification","valueRequired":true,"valueName":"search_term_string"}}],"inLanguage":"es"}]}},"_links":{"self":[{"href":"https:\/\/www.mclouis.com\/es\/wp-json\/wp\/v2\/pages\/9160","targetHints":{"allow":["GET"]}}],"collection":[{"href":"https:\/\/www.mclouis.com\/es\/wp-json\/wp\/v2\/pages"}],"about":[{"href":"https:\/\/www.mclouis.com\/es\/wp-json\/wp\/v2\/types\/page"}],"author":[{"embeddable":true,"href":"https:\/\/www.mclouis.com\/es\/wp-json\/wp\/v2\/users\/5"}],"replies":[{"embeddable":true,"href":"https:\/\/www.mclouis.com\/es\/wp-json\/wp\/v2\/comments?post=9160"}],"version-history":[{"count":8,"href":"https:\/\/www.mclouis.com\/es\/wp-json\/wp\/v2\/pages\/9160\/revisions"}],"predecessor-version":[{"id":11563,"href":"https:\/\/www.mclouis.com\/es\/wp-json\/wp\/v2\/pages\/9160\/revisions\/11563"}],"wp:attachment":[{"href":"https:\/\/www.mclouis.com\/es\/wp-json\/wp\/v2\/media?parent=9160"}],"curies":[{"name":"wp","href":"https:\/\/api.w.org\/{rel}","templated":true}]}}