{"id":9170,"date":"2024-11-15T15:32:56","date_gmt":"2024-11-15T14:32:56","guid":{"rendered":"https:\/\/www.mclouis.com\/?page_id=9170"},"modified":"2025-05-23T11:49:28","modified_gmt":"2025-05-23T09:49:28","slug":"pack-serie-800","status":"publish","type":"page","link":"https:\/\/www.mclouis.com\/es\/pack-serie-800\/","title":{"rendered":"Pack Serie 800"},"content":{"rendered":"<div class=\"table-responsive\"><table class=\"table\" style=\"width: 96.6249%;height: 818px\" width=\"843\">\n<tbody>\n<tr style=\"height: 24px\">\n<td style=\"width: 87.5562%;height: 24px\"><strong>\u00a0<\/strong><\/td>\n<td style=\"width: 6.33438%;text-align: center;height: 24px\"><strong>FORD<\/strong><\/td>\n<td style=\"width: 6.10945%;text-align: center;height: 24px\"><strong>FIAT<\/strong><\/td>\n<\/tr>\n<tr style=\"height: 96px\">\n<td style=\"width: 87.5562%;height: 96px\"><strong>PACK SERIE 800 MC4 FORD*<br \/>\n<\/strong>Motor 165 CV; Faros High Series con luces de giro est\u00e1ticas; Guantera con cerradura; Revestimientos interiores y salpicadero \u00abtrend\u00bb; Parachoques y molduras laterales del color de la carrocer\u00eda; ; Puerta XL con dos puntos de cierre con ventana y cierre centralizado; Brazo TV; Techo panor\u00e1mico; Fundas de los asientos coordinadas con la tapicer\u00eda; Panel solar 200 w con regulador MPPT; Oscurecedor plisado<\/td>\n<td style=\"width: 6.33438%;height: 96px;text-align: center\"><strong>X<\/strong><\/td>\n<td style=\"width: 6.10945%;height: 96px;text-align: center\"><strong>\u00a0<\/strong><\/td>\n<\/tr>\n<tr style=\"height: 48px\">\n<td style=\"width: 87.5562%;height: 48px\"><strong>PACK MATIC FORD &#8211; Necesario Pack Serie 800 Mc4 Ford<br \/>\n<\/strong>Cambio autom\u00e1tico; Dise\u00f1o \u00abMatic\u00bb<\/td>\n<td style=\"width: 6.33438%;height: 48px;text-align: center\"><strong>X<\/strong><\/td>\n<td style=\"width: 6.10945%;height: 48px;text-align: center\"><strong>\u00a0<\/strong><\/td>\n<\/tr>\n<tr style=\"height: 24px\">\n<td style=\"width: 87.5562%;height: 24px\"><b style=\"font-family: inherit;font-size: inherit\">PACK<\/b> <b style=\"font-family: inherit;font-size: inherit\">DESIGN<\/b><b style=\"font-family: inherit;font-size: inherit\"> \u2013<\/b> <b style=\"font-family: inherit;font-size: inherit\">Necesari<\/b><b style=\"font-family: inherit;font-size: inherit\">os<\/b><b style=\"font-family: inherit;font-size: inherit\"> Pack Serie 800 Mc4 Ford y <\/b><b style=\"font-family: inherit;font-size: inherit\">Pack<\/b> <b style=\"font-family: inherit;font-size: inherit\">Matic<\/b> <b style=\"font-family: inherit;font-size: inherit\">Ford<\/b><strong><strong><br \/>\n<\/strong><\/strong>Cabina con pintura metalizada Moondust Silver; Llantas de aleaci\u00f3n de 16\u00bb negras<\/td>\n<td style=\"width: 6.33438%;height: 24px;text-align: center\"><b style=\"font-family: inherit;font-size: inherit\"><strong>X<\/strong><\/b><\/td>\n<td style=\"width: 6.10945%;height: 24px;text-align: center\"><b style=\"font-family: inherit;font-size: inherit\">\u00a0<\/b><\/td>\n<\/tr>\n<tr style=\"height: 96px\">\n<td style=\"width: 87.5562%;height: 96px\" width=\"843\"><b style=\"font-family: inherit;font-size: inherit\">PACK<\/b> <b style=\"font-family: inherit;font-size: inherit\">EXTRA ASSISTANCE <\/b><b style=\"font-family: inherit;font-size: inherit\">(<\/b><b style=\"font-family: inherit;font-size: inherit\">chasis<\/b><b style=\"font-family: inherit;font-size: inherit\"> Heavy <\/b><b style=\"font-family: inherit;font-size: inherit\">obligatorio<\/b><b style=\"font-family: inherit;font-size: inherit\">**) <\/b><b style=\"font-family: inherit;font-size: inherit\">\u2013<\/b> <b style=\"font-family: inherit;font-size: inherit\">Necesari<\/b><b style=\"font-family: inherit;font-size: inherit\">os<\/b><b style=\"font-family: inherit;font-size: inherit\"> Pack Serie 800 Mc4 Ford y <\/b><b style=\"font-family: inherit;font-size: inherit\">Pack <\/b><b style=\"font-family: inherit;font-size: inherit\">Matic<\/b> <b style=\"font-family: inherit;font-size: inherit\">Ford<\/b><br \/>\nDesempa\u00f1ador del parabrisas el\u00e9ctrico; Asistencia de precolisi\u00f3n 2.2 (radar de alcance medio, asistencia de direcci\u00f3n de emergencia y advertencia\/indicaci\u00f3n de la distancia al veh\u00edculo que colisiona &#8211; NCAP4); Regulador de la velocidad de crucero adaptativo con centrado del carril y Stop&amp;Go; Integraci\u00f3n del Regulador de la velocidad de crucero adaptativo con reconocimiento de las se\u00f1ales de tr\u00e1fico de velocidad; Retrovisores con desempa\u00f1ador el\u00e9ctrico plegable manualmente;Sistema de navegaci\u00f3n (incluye un a\u00f1o de prueba de \u00abConnected Navigation\u00bb, renovable mediante suscripci\u00f3n)<\/td>\n<td style=\"width: 6.33438%;height: 96px;text-align: center\"><b style=\"font-family: inherit;font-size: inherit\"><strong>X<\/strong><\/b><\/td>\n<td style=\"width: 6.10945%;height: 96px;text-align: center\"><b style=\"font-family: inherit;font-size: inherit\">\u00a0<\/b><\/td>\n<\/tr>\n<tr style=\"height: 96px\">\n<td style=\"width: 87.5562%;height: 96px\"><strong>PACK SERIE 800 MC4 FIAT*<br \/>\n<\/strong>Luces antiniebla; Parachoques pintado en el color de la carrocer\u00eda; Placa protectora de color negro; Llantas de aleaci\u00f3n de 16&#8243; bicolor; Volante y palanca del cambio de piel; Salpicadero Techno; Freno de mano el\u00e9ctrico; TPMS (Sensor de presi\u00f3n de los neum\u00e1ticos); Puerta XL con dos puntos de cierre con ventana y cierre centralizado; Brazo TV; Techo panor\u00e1mico; Fundas de los asientos coordinadas con la tapicer\u00eda; Panel solar 200 w con regulador MPPT; Oscurecedor plisado<\/td>\n<td style=\"width: 6.33438%;height: 96px;text-align: center\"><strong>\u00a0<\/strong><\/td>\n<td style=\"width: 6.10945%;height: 96px;text-align: center\"><strong>X<\/strong><\/td>\n<\/tr>\n<tr style=\"height: 72px\">\n<td style=\"width: 87.5562%;height: 72px\" width=\"843\"><strong>PACK SERIE 800 NEVIS FIAT*<\/strong><br \/>\nLuces antiniebla; Llantas de aleaci\u00f3n de 16&#8243; bicolor; Volante y palanca del cambio de piel; Salpicadero Techno; Freno de mano el\u00e9ctrico; TPMS (Sensor de presi\u00f3n de los neum\u00e1ticos); Puerta XL con dos puntos de cierre con ventana y cierre centralizado; Brazo TV; Panel solar 200 w con regulador MPPT; Oscurecedor plisado<\/td>\n<td style=\"width: 6.33438%;height: 72px;text-align: center\"><strong>\u00a0<\/strong><\/td>\n<td style=\"width: 6.10945%;height: 72px;text-align: center\"><strong>X<\/strong><\/td>\n<\/tr>\n<tr style=\"height: 48px\">\n<td style=\"width: 87.5562%;height: 48px\" width=\"843\"><strong>PACK MATIC FIAT &#8211; Necesario Pack Serie 800 Mc4 Fiat o Pack Serie 800 Nevis Fiat<\/strong><br \/>\nCambio autom\u00e1tico; Dise\u00f1o \u00abMatic; Suspensiones de composite***<\/td>\n<td style=\"width: 6.33438%;height: 48px;text-align: center\"><strong>\u00a0<\/strong><\/td>\n<td style=\"width: 6.10945%;height: 48px;text-align: center\"><strong>X<\/strong><\/td>\n<\/tr>\n<tr style=\"height: 48px\">\n<td style=\"width: 87.5562%;height: 48px\" width=\"843\"><strong>PACK EXTRA TECH &#8211; Necesario Pack Serie 800 Mc4 Fiat o Pack Serie 800 Nevis Fiat<\/strong><br \/>\nFull Digital Cluster; Climatizador autom\u00e1tico; Cargador inal\u00e1mbrico para smartphones; Faros FULL LED en Mc4<\/td>\n<td style=\"width: 6.33438%;height: 48px;text-align: center\"><strong>\u00a0<\/strong><\/td>\n<td style=\"width: 6.10945%;height: 48px;text-align: center\"><strong>X<\/strong><\/td>\n<\/tr>\n<tr style=\"height: 72px\">\n<td style=\"width: 87.5562%;height: 72px\" width=\"843\"><strong>PACK EXTRA SAFETY \u2013 Necesarios Pack Serie 300 Fiat y Pack Extra Tech****<\/strong><br \/>\nRegulador de la velocidad de crucero adaptativo para &gt; 30 km\/h; Pack Safety Fiat (Full Brake Control con detecci\u00f3n de peatones; Sensores de luz y lluvia; Asistencia para mantenerse en el carril; Reconocimiento de se\u00f1ales de tr\u00e1fico; Advertencia de fatiga del conductor; Asistente de velocidad inteligente)<\/td>\n<td style=\"width: 6.33438%;height: 72px;text-align: center\"><strong>\u00a0<\/strong><\/td>\n<td style=\"width: 6.10945%;height: 72px;text-align: center\"><strong>X<\/strong><\/td>\n<\/tr>\n<tr style=\"height: 72px\">\n<td style=\"width: 87.5562%;height: 10px\" width=\"843\"><strong>PACK PLEIN AIR<\/strong><br \/>\nToldo antracita*****; Toma exterior de gas; Conexi\u00f3n de ducha de mano en el garaje<\/td>\n<td style=\"width: 6.33438%;height: 10px;text-align: center\"><strong>X<\/strong><\/td>\n<td style=\"width: 6.10945%;height: 10px;text-align: center\"><strong>X<\/strong><\/td>\n<\/tr>\n<tr style=\"height: 72px\">\n<td style=\"width: 87.5562%;height: 40px\" width=\"843\"><strong>PACK BOOST &#8211; Necesario Pack Serie 800 Mc4 Ford\/Fiat o Pack Serie 800 Nevis Fiat<\/strong><br \/>\nSegundo panel solar 200 w con regulador MPPT; Bater\u00eda de servicio de litio; Segunda bater\u00eda de servicio de litio<\/td>\n<td style=\"width: 6.33438%;height: 40px;text-align: center\"><strong>X<\/strong><\/td>\n<td style=\"width: 6.10945%;height: 40px;text-align: center\"><strong>X<\/strong><\/td>\n<\/tr>\n<tr style=\"height: 48px\">\n<td style=\"width: 87.5562%;height: 48px\" width=\"843\"><strong>PACK TV POR SAT\u00c9LITE 32\u2019\u2019<\/strong><br \/>\nSmart TV 32\u2019\u2019; Antena parab\u00f3lica<\/td>\n<td style=\"width: 6.33438%;height: 48px;text-align: center\"><strong>X<\/strong><\/td>\n<td style=\"width: 6.10945%;height: 48px;text-align: center\"><strong>X<\/strong><\/td>\n<\/tr>\n<tr style=\"height: 48px\">\n<td style=\"width: 87.5562%;height: 48px\" width=\"843\"><strong>PACK TV DIGITAL 32\u2019\u2019<\/strong><br \/>\nSmart TV 32\u2019\u2019; Antena digital<\/td>\n<td style=\"width: 6.33438%;height: 48px;text-align: center\"><strong>X<\/strong><\/td>\n<td style=\"width: 6.10945%;height: 48px;text-align: center\"><strong>X<\/strong><\/td>\n<\/tr>\n<tr style=\"height: 48px\">\n<td style=\"width: 87.5562%;height: 48px\" width=\"843\"><strong>PACK TV WI-FI 32\u2019\u2019<\/strong><br \/>\nSmart TV 32\u2019\u2019; R\u00fater Wi-Fi<\/td>\n<td style=\"width: 6.33438%;height: 48px;text-align: center\"><strong>X<\/strong><\/td>\n<td style=\"width: 6.10945%;height: 48px;text-align: center\"><strong>X<\/strong><\/td>\n<\/tr>\n<\/tbody>\n<\/table><\/div>\n<p>&nbsp;<\/p>\n<p>* Pack Serie 800 Mc4 Ford\/Fiat o Nevis Fiat opcional sin coste. NOTA: promoci\u00f3n activa en la lista de precios de lanzamiento y v\u00e1lida hasta nueva comunicaci\u00f3n<br \/>\n** Homologable tambi\u00e9n a 3,5 t<br \/>\n*** No disponible en chasis Heavy 4,25 &#8211; 4,4 t<br \/>\n**** Pack Extra Safety no disponible en Nevis<br \/>\n***** 4 metros en Mc4 860 e 865; 4,5 metros en Mc4 870, 873, 879, 881, 5 metros en Nevis 870, 873, 879, 881<\/p>\n","protected":false},"excerpt":{"rendered":"<p>\u00a0 FORD FIAT PACK SERIE 800 MC4 FORD* Motor 165 CV; Faros High Series con luces de giro est\u00e1ticas; Guantera con cerradura; Revestimientos interiores y salpicadero \u00abtrend\u00bb; Parachoques y molduras laterales del color de la carrocer\u00eda; ; Puerta XL con dos puntos de cierre con ventana y cierre centralizado; Brazo TV; Techo panor\u00e1mico; Fundas de &hellip; <a href=\"https:\/\/www.mclouis.com\/es\/pack-serie-800\/\">Continued<\/a><\/p>\n","protected":false},"author":5,"featured_media":0,"parent":0,"menu_order":0,"comment_status":"closed","ping_status":"closed","template":"","meta":{"_acf_changed":false,"inline_featured_image":false,"footnotes":""},"class_list":["post-9170","page","type-page","status-publish","hentry"],"acf":[],"yoast_head":"<!-- This site is optimized with the Yoast SEO plugin v27.2 - https:\/\/yoast.com\/product\/yoast-seo-wordpress\/ -->\n<title>Pack Serie 800 - McLouis GLOBAL<\/title>\n<meta name=\"robots\" content=\"index, follow, max-snippet:-1, max-image-preview:large, max-video-preview:-1\" \/>\n<link rel=\"canonical\" href=\"https:\/\/www.mclouis.com\/es\/pack-serie-800\/\" \/>\n<meta property=\"og:locale\" content=\"es_ES\" \/>\n<meta property=\"og:type\" content=\"article\" \/>\n<meta property=\"og:title\" content=\"Pack Serie 800 - McLouis GLOBAL\" \/>\n<meta property=\"og:description\" content=\"\u00a0 FORD FIAT PACK SERIE 800 MC4 FORD* Motor 165 CV; Faros High Series con luces de giro est\u00e1ticas; Guantera con cerradura; Revestimientos interiores y salpicadero \u00abtrend\u00bb; Parachoques y molduras laterales del color de la carrocer\u00eda; ; Puerta XL con dos puntos de cierre con ventana y cierre centralizado; Brazo TV; Techo panor\u00e1mico; Fundas de &hellip; Continued\" \/>\n<meta property=\"og:url\" content=\"https:\/\/www.mclouis.com\/es\/pack-serie-800\/\" \/>\n<meta property=\"og:site_name\" content=\"McLouis GLOBAL\" \/>\n<meta property=\"article:modified_time\" content=\"2025-05-23T09:49:28+00:00\" \/>\n<meta name=\"twitter:card\" content=\"summary_large_image\" \/>\n<meta name=\"twitter:label1\" content=\"Tiempo de lectura\" \/>\n\t<meta name=\"twitter:data1\" content=\"3 minutos\" \/>\n<script type=\"application\/ld+json\" class=\"yoast-schema-graph\">{\"@context\":\"https:\/\/schema.org\",\"@graph\":[{\"@type\":\"WebPage\",\"@id\":\"https:\/\/www.mclouis.com\/es\/pack-serie-800\/\",\"url\":\"https:\/\/www.mclouis.com\/es\/pack-serie-800\/\",\"name\":\"Pack Serie 800 - McLouis GLOBAL\",\"isPartOf\":{\"@id\":\"https:\/\/www.mclouis.com\/es\/#website\"},\"datePublished\":\"2024-11-15T14:32:56+00:00\",\"dateModified\":\"2025-05-23T09:49:28+00:00\",\"breadcrumb\":{\"@id\":\"https:\/\/www.mclouis.com\/es\/pack-serie-800\/#breadcrumb\"},\"inLanguage\":\"es\",\"potentialAction\":[{\"@type\":\"ReadAction\",\"target\":[\"https:\/\/www.mclouis.com\/es\/pack-serie-800\/\"]}]},{\"@type\":\"BreadcrumbList\",\"@id\":\"https:\/\/www.mclouis.com\/es\/pack-serie-800\/#breadcrumb\",\"itemListElement\":[{\"@type\":\"ListItem\",\"position\":1,\"name\":\"Home\",\"item\":\"https:\/\/www.mclouis.com\/es\/\"},{\"@type\":\"ListItem\",\"position\":2,\"name\":\"Pack Serie 800\"}]},{\"@type\":\"WebSite\",\"@id\":\"https:\/\/www.mclouis.com\/es\/#website\",\"url\":\"https:\/\/www.mclouis.com\/es\/\",\"name\":\"McLouis GLOBAL\",\"description\":\"\",\"potentialAction\":[{\"@type\":\"SearchAction\",\"target\":{\"@type\":\"EntryPoint\",\"urlTemplate\":\"https:\/\/www.mclouis.com\/es\/?s={search_term_string}\"},\"query-input\":{\"@type\":\"PropertyValueSpecification\",\"valueRequired\":true,\"valueName\":\"search_term_string\"}}],\"inLanguage\":\"es\"}]}<\/script>\n<!-- \/ Yoast SEO plugin. -->","yoast_head_json":{"title":"Pack Serie 800 - McLouis GLOBAL","robots":{"index":"index","follow":"follow","max-snippet":"max-snippet:-1","max-image-preview":"max-image-preview:large","max-video-preview":"max-video-preview:-1"},"canonical":"https:\/\/www.mclouis.com\/es\/pack-serie-800\/","og_locale":"es_ES","og_type":"article","og_title":"Pack Serie 800 - McLouis GLOBAL","og_description":"\u00a0 FORD FIAT PACK SERIE 800 MC4 FORD* Motor 165 CV; Faros High Series con luces de giro est\u00e1ticas; Guantera con cerradura; Revestimientos interiores y salpicadero \u00abtrend\u00bb; Parachoques y molduras laterales del color de la carrocer\u00eda; ; Puerta XL con dos puntos de cierre con ventana y cierre centralizado; Brazo TV; Techo panor\u00e1mico; Fundas de &hellip; Continued","og_url":"https:\/\/www.mclouis.com\/es\/pack-serie-800\/","og_site_name":"McLouis GLOBAL","article_modified_time":"2025-05-23T09:49:28+00:00","twitter_card":"summary_large_image","twitter_misc":{"Tiempo de lectura":"3 minutos"},"schema":{"@context":"https:\/\/schema.org","@graph":[{"@type":"WebPage","@id":"https:\/\/www.mclouis.com\/es\/pack-serie-800\/","url":"https:\/\/www.mclouis.com\/es\/pack-serie-800\/","name":"Pack Serie 800 - McLouis GLOBAL","isPartOf":{"@id":"https:\/\/www.mclouis.com\/es\/#website"},"datePublished":"2024-11-15T14:32:56+00:00","dateModified":"2025-05-23T09:49:28+00:00","breadcrumb":{"@id":"https:\/\/www.mclouis.com\/es\/pack-serie-800\/#breadcrumb"},"inLanguage":"es","potentialAction":[{"@type":"ReadAction","target":["https:\/\/www.mclouis.com\/es\/pack-serie-800\/"]}]},{"@type":"BreadcrumbList","@id":"https:\/\/www.mclouis.com\/es\/pack-serie-800\/#breadcrumb","itemListElement":[{"@type":"ListItem","position":1,"name":"Home","item":"https:\/\/www.mclouis.com\/es\/"},{"@type":"ListItem","position":2,"name":"Pack Serie 800"}]},{"@type":"WebSite","@id":"https:\/\/www.mclouis.com\/es\/#website","url":"https:\/\/www.mclouis.com\/es\/","name":"McLouis GLOBAL","description":"","potentialAction":[{"@type":"SearchAction","target":{"@type":"EntryPoint","urlTemplate":"https:\/\/www.mclouis.com\/es\/?s={search_term_string}"},"query-input":{"@type":"PropertyValueSpecification","valueRequired":true,"valueName":"search_term_string"}}],"inLanguage":"es"}]}},"_links":{"self":[{"href":"https:\/\/www.mclouis.com\/es\/wp-json\/wp\/v2\/pages\/9170","targetHints":{"allow":["GET"]}}],"collection":[{"href":"https:\/\/www.mclouis.com\/es\/wp-json\/wp\/v2\/pages"}],"about":[{"href":"https:\/\/www.mclouis.com\/es\/wp-json\/wp\/v2\/types\/page"}],"author":[{"embeddable":true,"href":"https:\/\/www.mclouis.com\/es\/wp-json\/wp\/v2\/users\/5"}],"replies":[{"embeddable":true,"href":"https:\/\/www.mclouis.com\/es\/wp-json\/wp\/v2\/comments?post=9170"}],"version-history":[{"count":15,"href":"https:\/\/www.mclouis.com\/es\/wp-json\/wp\/v2\/pages\/9170\/revisions"}],"predecessor-version":[{"id":11565,"href":"https:\/\/www.mclouis.com\/es\/wp-json\/wp\/v2\/pages\/9170\/revisions\/11565"}],"wp:attachment":[{"href":"https:\/\/www.mclouis.com\/es\/wp-json\/wp\/v2\/media?parent=9170"}],"curies":[{"name":"wp","href":"https:\/\/api.w.org\/{rel}","templated":true}]}}