{"id":10368,"date":"2025-02-19T14:41:18","date_gmt":"2025-02-19T13:41:18","guid":{"rendered":"https:\/\/www.mclouis.com\/?page_id=10368"},"modified":"2025-10-08T11:39:02","modified_gmt":"2025-10-08T09:39:02","slug":"manuel-dutilisation","status":"publish","type":"page","link":"https:\/\/www.mclouis.com\/fr\/manuel-dutilisation\/","title":{"rendered":"MANUEL D&rsquo;UTILISATION"},"content":{"rendered":"<h4 dir=\"ltr\" data-placeholder=\"Traduzione\" data-ved=\"2ahUKEwiPmrbA1M-LAxW2iv0HHZxiPfcQ3ewLegQIBxAV\" aria-label=\"Testo tradotto: T\u00e9l\u00e9charger\">Fourgon am\u00e9nag\u00e9 t\u00e9l\u00e9charger &gt;&gt;<a href=\"https:\/\/www.mclouis.com\/wp-content\/uploads\/2025\/09\/VAN.pdf\">VAN<\/a><\/h4>\n<h4 dir=\"ltr\" data-placeholder=\"Traduzione\" data-ved=\"2ahUKEwiPmrbA1M-LAxW2iv0HHZxiPfcQ3ewLegQIBxAV\" aria-label=\"Testo tradotto: T\u00e9l\u00e9charger\">Camping-car t\u00e9l\u00e9charger<span class=\"Y2IQFc\" lang=\"fr\"> &gt;&gt; <a href=\"https:\/\/www.mclouis.com\/wp-content\/uploads\/2025\/02\/MANUEL-DUTILISATION-MCLOUIS_FR.pdf\">MANUEL D&rsquo;UTILISATION MCLOUIS_FR 2025 et 2026<\/a><\/span><\/h4>\n<p><img loading=\"lazy\" decoding=\"async\" class=\"alignnone wp-image-10372\" src=\"https:\/\/www.mclouis.com\/wp-content\/uploads\/2025\/02\/Fra-300x200.jpg\" alt=\"\" width=\"516\" height=\"344\" srcset=\"https:\/\/www.mclouis.com\/wp-content\/uploads\/2025\/02\/Fra-300x200.jpg 300w, https:\/\/www.mclouis.com\/wp-content\/uploads\/2025\/02\/Fra-768x511.jpg 768w, https:\/\/www.mclouis.com\/wp-content\/uploads\/2025\/02\/Fra.jpg 857w\" sizes=\"auto, (max-width: 516px) 100vw, 516px\" \/><\/p>\n","protected":false},"excerpt":{"rendered":"<p>Fourgon am\u00e9nag\u00e9 t\u00e9l\u00e9charger &gt;&gt;VAN Camping-car t\u00e9l\u00e9charger &gt;&gt; MANUEL D&rsquo;UTILISATION MCLOUIS_FR 2025 et 2026<\/p>\n","protected":false},"author":2,"featured_media":0,"parent":0,"menu_order":0,"comment_status":"closed","ping_status":"closed","template":"","meta":{"_acf_changed":false,"inline_featured_image":false,"footnotes":""},"class_list":["post-10368","page","type-page","status-publish","hentry"],"acf":[],"yoast_head":"<!-- This site is optimized with the Yoast SEO plugin v27.2 - https:\/\/yoast.com\/product\/yoast-seo-wordpress\/ -->\n<title>MANUEL D&#039;UTILISATION - McLouis GLOBAL<\/title>\n<meta name=\"robots\" content=\"index, follow, max-snippet:-1, max-image-preview:large, max-video-preview:-1\" \/>\n<link rel=\"canonical\" href=\"https:\/\/www.mclouis.com\/fr\/manuel-dutilisation\/\" \/>\n<meta property=\"og:locale\" content=\"fr_FR\" \/>\n<meta property=\"og:type\" content=\"article\" \/>\n<meta property=\"og:title\" content=\"MANUEL D&#039;UTILISATION - McLouis GLOBAL\" \/>\n<meta property=\"og:description\" content=\"Fourgon am\u00e9nag\u00e9 t\u00e9l\u00e9charger &gt;&gt;VAN Camping-car t\u00e9l\u00e9charger &gt;&gt; MANUEL D&rsquo;UTILISATION MCLOUIS_FR 2025 et 2026\" \/>\n<meta property=\"og:url\" content=\"https:\/\/www.mclouis.com\/fr\/manuel-dutilisation\/\" \/>\n<meta property=\"og:site_name\" content=\"McLouis GLOBAL\" \/>\n<meta property=\"article:modified_time\" content=\"2025-10-08T09:39:02+00:00\" \/>\n<meta property=\"og:image\" content=\"https:\/\/www.mclouis.com\/wp-content\/uploads\/2025\/02\/Fra-300x200.jpg\" \/>\n<meta name=\"twitter:card\" content=\"summary_large_image\" \/>\n<meta name=\"twitter:label1\" content=\"Dur\u00e9e de lecture estim\u00e9e\" \/>\n\t<meta name=\"twitter:data1\" content=\"1 minute\" \/>\n<script type=\"application\/ld+json\" class=\"yoast-schema-graph\">{\"@context\":\"https:\/\/schema.org\",\"@graph\":[{\"@type\":\"WebPage\",\"@id\":\"https:\/\/www.mclouis.com\/fr\/manuel-dutilisation\/\",\"url\":\"https:\/\/www.mclouis.com\/fr\/manuel-dutilisation\/\",\"name\":\"MANUEL D'UTILISATION - McLouis GLOBAL\",\"isPartOf\":{\"@id\":\"https:\/\/www.mclouis.com\/fr\/#website\"},\"primaryImageOfPage\":{\"@id\":\"https:\/\/www.mclouis.com\/fr\/manuel-dutilisation\/#primaryimage\"},\"image\":{\"@id\":\"https:\/\/www.mclouis.com\/fr\/manuel-dutilisation\/#primaryimage\"},\"thumbnailUrl\":\"https:\/\/www.mclouis.com\/wp-content\/uploads\/2025\/02\/Fra-300x200.jpg\",\"datePublished\":\"2025-02-19T13:41:18+00:00\",\"dateModified\":\"2025-10-08T09:39:02+00:00\",\"breadcrumb\":{\"@id\":\"https:\/\/www.mclouis.com\/fr\/manuel-dutilisation\/#breadcrumb\"},\"inLanguage\":\"fr-FR\",\"potentialAction\":[{\"@type\":\"ReadAction\",\"target\":[\"https:\/\/www.mclouis.com\/fr\/manuel-dutilisation\/\"]}]},{\"@type\":\"ImageObject\",\"inLanguage\":\"fr-FR\",\"@id\":\"https:\/\/www.mclouis.com\/fr\/manuel-dutilisation\/#primaryimage\",\"url\":\"https:\/\/www.mclouis.com\/wp-content\/uploads\/2025\/02\/Fra-300x200.jpg\",\"contentUrl\":\"https:\/\/www.mclouis.com\/wp-content\/uploads\/2025\/02\/Fra-300x200.jpg\"},{\"@type\":\"BreadcrumbList\",\"@id\":\"https:\/\/www.mclouis.com\/fr\/manuel-dutilisation\/#breadcrumb\",\"itemListElement\":[{\"@type\":\"ListItem\",\"position\":1,\"name\":\"Home\",\"item\":\"https:\/\/www.mclouis.com\/fr\/\"},{\"@type\":\"ListItem\",\"position\":2,\"name\":\"MANUEL D&#8217;UTILISATION\"}]},{\"@type\":\"WebSite\",\"@id\":\"https:\/\/www.mclouis.com\/fr\/#website\",\"url\":\"https:\/\/www.mclouis.com\/fr\/\",\"name\":\"McLouis GLOBAL\",\"description\":\"\",\"potentialAction\":[{\"@type\":\"SearchAction\",\"target\":{\"@type\":\"EntryPoint\",\"urlTemplate\":\"https:\/\/www.mclouis.com\/fr\/?s={search_term_string}\"},\"query-input\":{\"@type\":\"PropertyValueSpecification\",\"valueRequired\":true,\"valueName\":\"search_term_string\"}}],\"inLanguage\":\"fr-FR\"}]}<\/script>\n<!-- \/ Yoast SEO plugin. -->","yoast_head_json":{"title":"MANUEL D'UTILISATION - McLouis GLOBAL","robots":{"index":"index","follow":"follow","max-snippet":"max-snippet:-1","max-image-preview":"max-image-preview:large","max-video-preview":"max-video-preview:-1"},"canonical":"https:\/\/www.mclouis.com\/fr\/manuel-dutilisation\/","og_locale":"fr_FR","og_type":"article","og_title":"MANUEL D'UTILISATION - McLouis GLOBAL","og_description":"Fourgon am\u00e9nag\u00e9 t\u00e9l\u00e9charger &gt;&gt;VAN Camping-car t\u00e9l\u00e9charger &gt;&gt; MANUEL D&rsquo;UTILISATION MCLOUIS_FR 2025 et 2026","og_url":"https:\/\/www.mclouis.com\/fr\/manuel-dutilisation\/","og_site_name":"McLouis GLOBAL","article_modified_time":"2025-10-08T09:39:02+00:00","og_image":[{"url":"https:\/\/www.mclouis.com\/wp-content\/uploads\/2025\/02\/Fra-300x200.jpg","type":"","width":"","height":""}],"twitter_card":"summary_large_image","twitter_misc":{"Dur\u00e9e de lecture estim\u00e9e":"1 minute"},"schema":{"@context":"https:\/\/schema.org","@graph":[{"@type":"WebPage","@id":"https:\/\/www.mclouis.com\/fr\/manuel-dutilisation\/","url":"https:\/\/www.mclouis.com\/fr\/manuel-dutilisation\/","name":"MANUEL D'UTILISATION - McLouis GLOBAL","isPartOf":{"@id":"https:\/\/www.mclouis.com\/fr\/#website"},"primaryImageOfPage":{"@id":"https:\/\/www.mclouis.com\/fr\/manuel-dutilisation\/#primaryimage"},"image":{"@id":"https:\/\/www.mclouis.com\/fr\/manuel-dutilisation\/#primaryimage"},"thumbnailUrl":"https:\/\/www.mclouis.com\/wp-content\/uploads\/2025\/02\/Fra-300x200.jpg","datePublished":"2025-02-19T13:41:18+00:00","dateModified":"2025-10-08T09:39:02+00:00","breadcrumb":{"@id":"https:\/\/www.mclouis.com\/fr\/manuel-dutilisation\/#breadcrumb"},"inLanguage":"fr-FR","potentialAction":[{"@type":"ReadAction","target":["https:\/\/www.mclouis.com\/fr\/manuel-dutilisation\/"]}]},{"@type":"ImageObject","inLanguage":"fr-FR","@id":"https:\/\/www.mclouis.com\/fr\/manuel-dutilisation\/#primaryimage","url":"https:\/\/www.mclouis.com\/wp-content\/uploads\/2025\/02\/Fra-300x200.jpg","contentUrl":"https:\/\/www.mclouis.com\/wp-content\/uploads\/2025\/02\/Fra-300x200.jpg"},{"@type":"BreadcrumbList","@id":"https:\/\/www.mclouis.com\/fr\/manuel-dutilisation\/#breadcrumb","itemListElement":[{"@type":"ListItem","position":1,"name":"Home","item":"https:\/\/www.mclouis.com\/fr\/"},{"@type":"ListItem","position":2,"name":"MANUEL D&#8217;UTILISATION"}]},{"@type":"WebSite","@id":"https:\/\/www.mclouis.com\/fr\/#website","url":"https:\/\/www.mclouis.com\/fr\/","name":"McLouis GLOBAL","description":"","potentialAction":[{"@type":"SearchAction","target":{"@type":"EntryPoint","urlTemplate":"https:\/\/www.mclouis.com\/fr\/?s={search_term_string}"},"query-input":{"@type":"PropertyValueSpecification","valueRequired":true,"valueName":"search_term_string"}}],"inLanguage":"fr-FR"}]}},"_links":{"self":[{"href":"https:\/\/www.mclouis.com\/fr\/wp-json\/wp\/v2\/pages\/10368","targetHints":{"allow":["GET"]}}],"collection":[{"href":"https:\/\/www.mclouis.com\/fr\/wp-json\/wp\/v2\/pages"}],"about":[{"href":"https:\/\/www.mclouis.com\/fr\/wp-json\/wp\/v2\/types\/page"}],"author":[{"embeddable":true,"href":"https:\/\/www.mclouis.com\/fr\/wp-json\/wp\/v2\/users\/2"}],"replies":[{"embeddable":true,"href":"https:\/\/www.mclouis.com\/fr\/wp-json\/wp\/v2\/comments?post=10368"}],"version-history":[{"count":6,"href":"https:\/\/www.mclouis.com\/fr\/wp-json\/wp\/v2\/pages\/10368\/revisions"}],"predecessor-version":[{"id":14156,"href":"https:\/\/www.mclouis.com\/fr\/wp-json\/wp\/v2\/pages\/10368\/revisions\/14156"}],"wp:attachment":[{"href":"https:\/\/www.mclouis.com\/fr\/wp-json\/wp\/v2\/media?parent=10368"}],"curies":[{"name":"wp","href":"https:\/\/api.w.org\/{rel}","templated":true}]}}