{"id":9710,"date":"2024-11-25T15:17:00","date_gmt":"2024-11-25T14:17:00","guid":{"rendered":"https:\/\/www.mclouis.com\/?page_id=9710"},"modified":"2025-05-09T11:20:19","modified_gmt":"2025-05-09T09:20:19","slug":"packs-fourgon-menfys","status":"publish","type":"page","link":"https:\/\/www.mclouis.com\/fr\/packs-fourgon-menfys\/","title":{"rendered":"Packs fourgons Menfys"},"content":{"rendered":"<div class=\"table-responsive\"><table class=\"table\" style=\"width: 98.501%;height: 643px\" width=\"1099\">\n<tbody>\n<tr style=\"height: 47px\">\n<td style=\"width: 18.9483%;height: 47px\" width=\"211\"><\/td>\n<td style=\"width: 49.32%;height: 47px\" width=\"559\"><\/td>\n<td style=\"width: 12.5701%;text-align: center;height: 47px\" width=\"105\"><span style=\"color: #993300\"><strong>MENFYS<\/strong><\/span><\/td>\n<td style=\"width: 9.58729%;text-align: center;height: 47px\" width=\"102\"><span style=\"color: #993300\"><strong>MENFYS<br \/>\n<\/strong><\/span><span style=\"color: #993300\"><strong>S-LINE<\/strong><\/span><\/td>\n<td style=\"width: 30.5613%;text-align: center;height: 47px\" width=\"122\"><span style=\"color: #993300\"><strong>MENFYS PRESTIGE<\/strong><\/span><\/td>\n<\/tr>\n<tr style=\"height: 23px\">\n<td style=\"width: 68.2683%;height: 23px\" colspan=\"2\"><span style=\"color: #993300\"><strong>PACKS CH\u00c2SSIS<\/strong><\/span><\/td>\n<td style=\"width: 12.5701%;height: 23px\"><\/td>\n<td style=\"width: 9.58729%;height: 23px\"><\/td>\n<td style=\"width: 30.5613%;height: 23px\"><\/td>\n<\/tr>\n<tr style=\"height: 47px\">\n<td style=\"width: 18.9483%;height: 47px\"><strong>PACK LIGHT<\/strong><\/td>\n<td style=\"width: 49.32%;height: 47px\">Frein \u00e0 main \u00e9lectrique ; Pare-chocs avant peint ; Skid plate noir ; Feux antibrouilllard<\/td>\n<td style=\"width: 12.5701%;text-align: center;height: 47px\"><strong>OPT*<\/strong><\/td>\n<td style=\"width: 9.58729%;text-align: center;height: 47px\"><b>DE S\u00c9RIE <\/b><\/td>\n<td style=\"width: 30.5613%;text-align: center;height: 47px\"><b>DE S\u00c9RIE <\/b><\/td>\n<\/tr>\n<tr style=\"height: 47px\">\n<td style=\"width: 18.9483%;height: 47px\"><strong>PACK STYLE<\/strong><\/td>\n<td style=\"width: 49.32%;height: 47px\">TPMS -Capteur de contr\u00f4le de la pression des pneus- ; Jantes en alliage 16\u00a0\u00bb noir diamant* ; Tableau de bord Techno ; Volant et pommeau de vitesses en cuir<\/td>\n<td style=\"width: 12.5701%;text-align: center;height: 47px\"><strong>OPT*<\/strong><\/td>\n<td style=\"width: 9.58729%;text-align: center;height: 47px\"><b>DE S\u00c9RIE <\/b><\/td>\n<td style=\"width: 30.5613%;text-align: center;height: 47px\"><b>DE S\u00c9RIE <\/b><\/td>\n<\/tr>\n<tr style=\"height: 23px\">\n<td style=\"width: 18.9483%;height: 10px\"><strong>PACK MATIC<\/strong><\/td>\n<td style=\"width: 49.32%;height: 10px\">Bo\u00eete de vitesses automatique<\/td>\n<td style=\"width: 12.5701%;text-align: center;height: 10px\"><strong>OPT<\/strong><\/td>\n<td style=\"width: 9.58729%;text-align: center;height: 10px\"><strong>OPT<\/strong><\/td>\n<td style=\"width: 30.5613%;text-align: center;height: 10px\"><strong>OPT<\/strong><\/td>\n<\/tr>\n<tr style=\"height: 47px\">\n<td style=\"width: 18.9483%;height: 47px\"><strong>PACK EXTRA TECH<\/strong><\/td>\n<td style=\"width: 49.32%;height: 47px\" width=\"559\">Feux Full LED; Tableau de bord num\u00e9rique; Climatisation automatique ; Chargeur sans fil pour smartphone<\/td>\n<td style=\"width: 12.5701%;text-align: center;height: 47px\"><strong>OPT<\/strong><\/td>\n<td style=\"width: 9.58729%;text-align: center;height: 47px\"><strong>OPT<\/strong><\/td>\n<td style=\"width: 30.5613%;text-align: center;height: 47px\"><strong>OPT<\/strong><\/td>\n<\/tr>\n<tr style=\"height: 92px\">\n<td style=\"width: 18.9483%;height: 92px\"><strong>PACK EXTRA SAFETY<\/strong><\/td>\n<td style=\"width: 49.32%;height: 92px\" width=\"559\">R\u00e9gulateur de vitesse adaptatif pour les vitesses &gt; 30 km\/h ; Pack Safety Fiat (Contr\u00f4le int\u00e9gral du freinage avec d\u00e9tection des pi\u00e9tons, Capteurs de lumi\u00e8re et de pluie, Assistance au maintien de la trajectoire, Reconnaissance des panneaux de vitesse, Alerte de fatigue du conducteur, Assistance intelligente \u00e0 la vitesse)<\/td>\n<td style=\"width: 12.5701%;text-align: center;height: 92px\"><strong>OPT<\/strong><\/td>\n<td style=\"width: 9.58729%;text-align: center;height: 92px\"><strong>OPT<\/strong><\/td>\n<td style=\"width: 30.5613%;text-align: center;height: 92px\"><strong>OPT<\/strong><\/td>\n<\/tr>\n<tr style=\"height: 23px\">\n<td style=\"width: 18.9483%;height: 23px\"><strong>PACK VISION 2<\/strong><\/td>\n<td style=\"width: 49.32%;height: 23px\">R\u00e9troviseurs rabattables \u00e9lectriquement ; Capteurs de stationnement ; D\u00e9tecteurs d\u2019angle mort + alerte de circulation \u00e0 l&rsquo;arri\u00e8re<\/td>\n<td style=\"width: 12.5701%;text-align: center;height: 23px\"><strong>OPT<\/strong><\/td>\n<td style=\"width: 9.58729%;text-align: center;height: 23px\"><strong>OPT<\/strong><\/td>\n<td style=\"width: 30.5613%;text-align: center;height: 23px\"><strong>OPT<\/strong><\/td>\n<\/tr>\n<tr style=\"height: 23px\">\n<td style=\"width: 18.9483%;height: 23px\"><\/td>\n<td style=\"width: 49.32%;height: 23px\"><\/td>\n<td style=\"width: 12.5701%;text-align: center;height: 23px\"><\/td>\n<td style=\"width: 9.58729%;text-align: center;height: 23px\"><\/td>\n<td style=\"width: 30.5613%;text-align: center;height: 23px\"><\/td>\n<\/tr>\n<tr style=\"height: 23px\">\n<td style=\"width: 18.9483%;height: 23px\"><span style=\"color: #993300\"><strong>PACKS CELLULE<\/strong><\/span><\/td>\n<td style=\"width: 49.32%;height: 23px\"><\/td>\n<td style=\"width: 12.5701%;text-align: center;height: 23px\"><\/td>\n<td style=\"width: 9.58729%;text-align: center;height: 23px\"><\/td>\n<td style=\"width: 30.5613%;text-align: center;height: 23px\"><\/td>\n<\/tr>\n<tr style=\"height: 71px\">\n<td style=\"width: 18.9483%;height: 71px\"><strong>PACK DRIVE<\/strong><\/td>\n<td style=\"width: 49.32%;height: 71px\" width=\"559\">Housses de si\u00e8ge ; \u00c9clairage ext\u00e9rieur \u00e0 LED ; Panneau de contr\u00f4le** ; Midi Heki lanterneau panoramique 70&#215;50 cm*** ; Moustiquaire pour porte lat\u00e9rale ; Marche pied \u00e9lectrique ; Stores pliss\u00e9s de la cabine<\/td>\n<td style=\"width: 12.5701%;text-align: center;height: 71px\"><strong>OPT*<\/strong><\/td>\n<td style=\"width: 9.58729%;text-align: center;height: 71px\"><b>DE S\u00c9RIE <\/b><\/td>\n<td style=\"width: 30.5613%;text-align: center;height: 71px\"><b>DE S\u00c9RIE <\/b><\/td>\n<\/tr>\n<tr style=\"height: 47px\">\n<td style=\"width: 18.9483%;height: 32px\"><strong>PACK MEDIA\u00a0<\/strong><\/td>\n<td style=\"width: 49.32%;height: 32px\" width=\"559\">Radio \u00e9cran tactile de 9\u00a0\u00bb Android Auto\/Apple Car Play sans fil ; Cam\u00e9ra de recul<\/td>\n<td style=\"width: 12.5701%;text-align: center;height: 32px\"><strong>OPT*<\/strong><\/td>\n<td style=\"width: 9.58729%;text-align: center;height: 32px\"><b>DE S\u00c9RIE <\/b><\/td>\n<td style=\"width: 30.5613%;text-align: center;height: 32px\"><b>DE S\u00c9RIE <\/b><\/td>\n<\/tr>\n<tr style=\"height: 23px\">\n<td style=\"width: 18.9483%;height: 10px\"><strong>PACK SILVER<\/strong><\/td>\n<td style=\"width: 49.32%;height: 10px\">Store ext\u00e9rieur **** ; Panneau solaire 200 W*****<\/td>\n<td style=\"width: 12.5701%;text-align: center;height: 10px\"><strong>Panneau solaire 200 W OPT*<br \/>\n<\/strong><strong>Store ext\u00e9rieur OPT<\/strong><\/td>\n<td style=\"width: 9.58729%;text-align: center;height: 10px\"><strong>OPT<\/strong><\/td>\n<td style=\"width: 30.5613%;text-align: center;height: 10px\"><strong>OPT<\/strong><\/td>\n<\/tr>\n<tr style=\"height: 191px\">\n<td style=\"width: 18.9483%;height: 148px\"><strong>PACK <b>ARCTIC DIESEL \/ GAZ \/ WEBASTO<\/b><\/strong><\/td>\n<td style=\"width: 49.32%;height: 148px\" width=\"559\">Chauffage Combi 6 Diesel + Electrique \/ Combi 6 Gaz + Electrique \/ Webasto Air Top 55 Diesel ; Winter Pack (r\u00e9servoir d\u2019eau grise isol\u00e9 et chauff\u00e9 \u00e9lectriquement, tuyau ext\u00e9rieur isol\u00e9) ; Isolation des tuyaux ext\u00e9rieurs pour le tuyau de chauffage ; Isolation thermique du tableau de bord de la cabine ; Kit de rideaux (rideaux pliss\u00e9s en dinette et rideaux arri\u00e8re sur les portes arri\u00e8res) ; Couvertures thermiques pour fen\u00eatres int\u00e9rieures<\/td>\n<td style=\"width: 12.5701%;text-align: center;height: 148px\"><strong>&#8211;<\/strong><\/td>\n<td style=\"width: 9.58729%;text-align: center;height: 148px\"><strong>OPT<\/strong><\/td>\n<td style=\"width: 30.5613%;text-align: center;height: 148px\"><strong>OPT******<\/strong><\/td>\n<\/tr>\n<\/tbody>\n<\/table><\/div>\n<p>&nbsp;<\/p>\n<p>* Sur Menfys, Pack Light, Pack Style, Pack Media, Pack Drive et Panneau Solaire 200 W \u00e0 1 \u20ac. Promotion active dans la liste des prix de lancement et valable jusqu\u2019\u00e0 nouvelle communication<br \/>\n** CP Plus sur Menfys, MultiControl sur Menfys S-Line<br \/>\n*** Non disponible sur Menfys 7 LifeStyle<br \/>\n**** V\u00e9rifier la longueur du store selon le mod\u00e8le<br \/>\n***** Sur Menfys S-Line 1, panneau solaire 120 W<br \/>\n****** Pack Arctic Diesel et Arctic Gaz non disponibles sur Menfys 7 LifeStyle<\/p>\n","protected":false},"excerpt":{"rendered":"<p>MENFYS MENFYS S-LINE MENFYS PRESTIGE PACKS CH\u00c2SSIS PACK LIGHT Frein \u00e0 main \u00e9lectrique ; Pare-chocs avant peint ; Skid plate noir ; Feux antibrouilllard OPT* DE S\u00c9RIE DE S\u00c9RIE PACK STYLE TPMS -Capteur de contr\u00f4le de la pression des pneus- ; Jantes en alliage 16\u00a0\u00bb noir diamant* ; Tableau de bord Techno ; Volant et &hellip; <a href=\"https:\/\/www.mclouis.com\/fr\/packs-fourgon-menfys\/\">Continued<\/a><\/p>\n","protected":false},"author":5,"featured_media":0,"parent":0,"menu_order":0,"comment_status":"closed","ping_status":"closed","template":"","meta":{"_acf_changed":false,"inline_featured_image":false,"footnotes":""},"class_list":["post-9710","page","type-page","status-publish","hentry"],"acf":[],"yoast_head":"<!-- This site is optimized with the Yoast SEO plugin v27.2 - https:\/\/yoast.com\/product\/yoast-seo-wordpress\/ -->\n<title>Packs fourgons Menfys - McLouis GLOBAL<\/title>\n<meta name=\"robots\" content=\"index, follow, max-snippet:-1, max-image-preview:large, max-video-preview:-1\" \/>\n<link rel=\"canonical\" href=\"https:\/\/www.mclouis.com\/fr\/packs-fourgon-menfys\/\" \/>\n<meta property=\"og:locale\" content=\"fr_FR\" \/>\n<meta property=\"og:type\" content=\"article\" \/>\n<meta property=\"og:title\" content=\"Packs fourgons Menfys - McLouis GLOBAL\" \/>\n<meta property=\"og:description\" content=\"MENFYS MENFYS S-LINE MENFYS PRESTIGE PACKS CH\u00c2SSIS PACK LIGHT Frein \u00e0 main \u00e9lectrique ; Pare-chocs avant peint ; Skid plate noir ; Feux antibrouilllard OPT* DE S\u00c9RIE DE S\u00c9RIE PACK STYLE TPMS -Capteur de contr\u00f4le de la pression des pneus- ; Jantes en alliage 16\u00a0\u00bb noir diamant* ; Tableau de bord Techno ; Volant et &hellip; Continued\" \/>\n<meta property=\"og:url\" content=\"https:\/\/www.mclouis.com\/fr\/packs-fourgon-menfys\/\" \/>\n<meta property=\"og:site_name\" content=\"McLouis GLOBAL\" \/>\n<meta property=\"article:modified_time\" content=\"2025-05-09T09:20:19+00:00\" \/>\n<meta name=\"twitter:card\" content=\"summary_large_image\" \/>\n<meta name=\"twitter:label1\" content=\"Dur\u00e9e de lecture estim\u00e9e\" \/>\n\t<meta name=\"twitter:data1\" content=\"2 minutes\" \/>\n<script type=\"application\/ld+json\" class=\"yoast-schema-graph\">{\"@context\":\"https:\/\/schema.org\",\"@graph\":[{\"@type\":\"WebPage\",\"@id\":\"https:\/\/www.mclouis.com\/fr\/packs-fourgon-menfys\/\",\"url\":\"https:\/\/www.mclouis.com\/fr\/packs-fourgon-menfys\/\",\"name\":\"Packs fourgons Menfys - McLouis GLOBAL\",\"isPartOf\":{\"@id\":\"https:\/\/www.mclouis.com\/fr\/#website\"},\"datePublished\":\"2024-11-25T14:17:00+00:00\",\"dateModified\":\"2025-05-09T09:20:19+00:00\",\"breadcrumb\":{\"@id\":\"https:\/\/www.mclouis.com\/fr\/packs-fourgon-menfys\/#breadcrumb\"},\"inLanguage\":\"fr-FR\",\"potentialAction\":[{\"@type\":\"ReadAction\",\"target\":[\"https:\/\/www.mclouis.com\/fr\/packs-fourgon-menfys\/\"]}]},{\"@type\":\"BreadcrumbList\",\"@id\":\"https:\/\/www.mclouis.com\/fr\/packs-fourgon-menfys\/#breadcrumb\",\"itemListElement\":[{\"@type\":\"ListItem\",\"position\":1,\"name\":\"Home\",\"item\":\"https:\/\/www.mclouis.com\/fr\/\"},{\"@type\":\"ListItem\",\"position\":2,\"name\":\"Packs fourgons Menfys\"}]},{\"@type\":\"WebSite\",\"@id\":\"https:\/\/www.mclouis.com\/fr\/#website\",\"url\":\"https:\/\/www.mclouis.com\/fr\/\",\"name\":\"McLouis GLOBAL\",\"description\":\"\",\"potentialAction\":[{\"@type\":\"SearchAction\",\"target\":{\"@type\":\"EntryPoint\",\"urlTemplate\":\"https:\/\/www.mclouis.com\/fr\/?s={search_term_string}\"},\"query-input\":{\"@type\":\"PropertyValueSpecification\",\"valueRequired\":true,\"valueName\":\"search_term_string\"}}],\"inLanguage\":\"fr-FR\"}]}<\/script>\n<!-- \/ Yoast SEO plugin. -->","yoast_head_json":{"title":"Packs fourgons Menfys - McLouis GLOBAL","robots":{"index":"index","follow":"follow","max-snippet":"max-snippet:-1","max-image-preview":"max-image-preview:large","max-video-preview":"max-video-preview:-1"},"canonical":"https:\/\/www.mclouis.com\/fr\/packs-fourgon-menfys\/","og_locale":"fr_FR","og_type":"article","og_title":"Packs fourgons Menfys - McLouis GLOBAL","og_description":"MENFYS MENFYS S-LINE MENFYS PRESTIGE PACKS CH\u00c2SSIS PACK LIGHT Frein \u00e0 main \u00e9lectrique ; Pare-chocs avant peint ; Skid plate noir ; Feux antibrouilllard OPT* DE S\u00c9RIE DE S\u00c9RIE PACK STYLE TPMS -Capteur de contr\u00f4le de la pression des pneus- ; Jantes en alliage 16\u00a0\u00bb noir diamant* ; Tableau de bord Techno ; Volant et &hellip; Continued","og_url":"https:\/\/www.mclouis.com\/fr\/packs-fourgon-menfys\/","og_site_name":"McLouis GLOBAL","article_modified_time":"2025-05-09T09:20:19+00:00","twitter_card":"summary_large_image","twitter_misc":{"Dur\u00e9e de lecture estim\u00e9e":"2 minutes"},"schema":{"@context":"https:\/\/schema.org","@graph":[{"@type":"WebPage","@id":"https:\/\/www.mclouis.com\/fr\/packs-fourgon-menfys\/","url":"https:\/\/www.mclouis.com\/fr\/packs-fourgon-menfys\/","name":"Packs fourgons Menfys - McLouis GLOBAL","isPartOf":{"@id":"https:\/\/www.mclouis.com\/fr\/#website"},"datePublished":"2024-11-25T14:17:00+00:00","dateModified":"2025-05-09T09:20:19+00:00","breadcrumb":{"@id":"https:\/\/www.mclouis.com\/fr\/packs-fourgon-menfys\/#breadcrumb"},"inLanguage":"fr-FR","potentialAction":[{"@type":"ReadAction","target":["https:\/\/www.mclouis.com\/fr\/packs-fourgon-menfys\/"]}]},{"@type":"BreadcrumbList","@id":"https:\/\/www.mclouis.com\/fr\/packs-fourgon-menfys\/#breadcrumb","itemListElement":[{"@type":"ListItem","position":1,"name":"Home","item":"https:\/\/www.mclouis.com\/fr\/"},{"@type":"ListItem","position":2,"name":"Packs fourgons Menfys"}]},{"@type":"WebSite","@id":"https:\/\/www.mclouis.com\/fr\/#website","url":"https:\/\/www.mclouis.com\/fr\/","name":"McLouis GLOBAL","description":"","potentialAction":[{"@type":"SearchAction","target":{"@type":"EntryPoint","urlTemplate":"https:\/\/www.mclouis.com\/fr\/?s={search_term_string}"},"query-input":{"@type":"PropertyValueSpecification","valueRequired":true,"valueName":"search_term_string"}}],"inLanguage":"fr-FR"}]}},"_links":{"self":[{"href":"https:\/\/www.mclouis.com\/fr\/wp-json\/wp\/v2\/pages\/9710","targetHints":{"allow":["GET"]}}],"collection":[{"href":"https:\/\/www.mclouis.com\/fr\/wp-json\/wp\/v2\/pages"}],"about":[{"href":"https:\/\/www.mclouis.com\/fr\/wp-json\/wp\/v2\/types\/page"}],"author":[{"embeddable":true,"href":"https:\/\/www.mclouis.com\/fr\/wp-json\/wp\/v2\/users\/5"}],"replies":[{"embeddable":true,"href":"https:\/\/www.mclouis.com\/fr\/wp-json\/wp\/v2\/comments?post=9710"}],"version-history":[{"count":10,"href":"https:\/\/www.mclouis.com\/fr\/wp-json\/wp\/v2\/pages\/9710\/revisions"}],"predecessor-version":[{"id":11200,"href":"https:\/\/www.mclouis.com\/fr\/wp-json\/wp\/v2\/pages\/9710\/revisions\/11200"}],"wp:attachment":[{"href":"https:\/\/www.mclouis.com\/fr\/wp-json\/wp\/v2\/media?parent=9710"}],"curies":[{"name":"wp","href":"https:\/\/api.w.org\/{rel}","templated":true}]}}