{"id":1242,"date":"2024-05-17T09:12:51","date_gmt":"2024-05-17T07:12:51","guid":{"rendered":"https:\/\/www.mclouis.com\/?page_id=2"},"modified":"2026-03-03T11:27:19","modified_gmt":"2026-03-03T10:27:19","slug":"home","status":"publish","type":"page","link":"https:\/\/www.mclouis.com\/francia\/","title":{"rendered":"Home"},"content":{"rendered":"","protected":false},"excerpt":{"rendered":"","protected":false},"author":1,"featured_media":0,"parent":0,"menu_order":0,"comment_status":"closed","ping_status":"open","template":"template-flexible.blade.php","meta":{"_acf_changed":false,"inline_featured_image":false,"footnotes":""},"class_list":["post-1242","page","type-page","status-publish","hentry"],"acf":[],"yoast_head":"<!-- This site is optimized with the Yoast SEO plugin v27.2 - https:\/\/yoast.com\/product\/yoast-seo-wordpress\/ -->\n<title>McLouis - Camping-cars, semi-camping-cars et capucines depuis 1999<\/title>\n<meta name=\"description\" content=\"Une offre large et dynamique dont les activit\u00e9s d&#039;innovation et de recherche permettent de r\u00e9pondre en temps opportun \u00e0 l&#039;\u00e9volution du tourisme itin\u00e9rant et aux besoins de chaque camping-car, des familles nombreuses aux couples. D\u00e9couvrez la gamme McLouis 2025.\" \/>\n<meta name=\"robots\" content=\"index, follow, max-snippet:-1, max-image-preview:large, max-video-preview:-1\" \/>\n<link rel=\"canonical\" href=\"https:\/\/www.mclouis.com\/francia\/\" \/>\n<meta property=\"og:locale\" content=\"fr_FR\" \/>\n<meta property=\"og:type\" content=\"article\" \/>\n<meta property=\"og:title\" content=\"McLouis - Camping-cars, semi-camping-cars et capucines depuis 1999\" \/>\n<meta property=\"og:description\" content=\"Une offre large et dynamique dont les activit\u00e9s d&#039;innovation et de recherche permettent de r\u00e9pondre en temps opportun \u00e0 l&#039;\u00e9volution du tourisme itin\u00e9rant et aux besoins de chaque camping-car, des familles nombreuses aux couples. D\u00e9couvrez la gamme McLouis 2025.\" \/>\n<meta property=\"og:url\" content=\"https:\/\/www.mclouis.com\/francia\/\" \/>\n<meta property=\"og:site_name\" content=\"McLouis FRANCIA\" \/>\n<meta property=\"article:modified_time\" content=\"2026-03-03T10:27:19+00:00\" \/>\n<meta name=\"twitter:card\" content=\"summary_large_image\" \/>\n<script type=\"application\/ld+json\" class=\"yoast-schema-graph\">{\"@context\":\"https:\/\/schema.org\",\"@graph\":[{\"@type\":\"WebPage\",\"@id\":\"https:\/\/www.mclouis.com\/francia\/\",\"url\":\"https:\/\/www.mclouis.com\/francia\/\",\"name\":\"McLouis - Camping-cars, semi-camping-cars et capucines depuis 1999\",\"isPartOf\":{\"@id\":\"https:\/\/www.mclouis.com\/francia\/#website\"},\"datePublished\":\"2024-05-17T07:12:51+00:00\",\"dateModified\":\"2026-03-03T10:27:19+00:00\",\"description\":\"Une offre large et dynamique dont les activit\u00e9s d'innovation et de recherche permettent de r\u00e9pondre en temps opportun \u00e0 l'\u00e9volution du tourisme itin\u00e9rant et aux besoins de chaque camping-car, des familles nombreuses aux couples. D\u00e9couvrez la gamme McLouis 2025.\",\"breadcrumb\":{\"@id\":\"https:\/\/www.mclouis.com\/francia\/#breadcrumb\"},\"inLanguage\":\"fr-FR\",\"potentialAction\":[{\"@type\":\"ReadAction\",\"target\":[\"https:\/\/www.mclouis.com\/francia\/\"]}]},{\"@type\":\"BreadcrumbList\",\"@id\":\"https:\/\/www.mclouis.com\/francia\/#breadcrumb\",\"itemListElement\":[{\"@type\":\"ListItem\",\"position\":1,\"name\":\"Home\",\"item\":\"https:\/\/www.mclouis.com\/francia\/\"},{\"@type\":\"ListItem\",\"position\":2,\"name\":\"Home\"}]},{\"@type\":\"WebSite\",\"@id\":\"https:\/\/www.mclouis.com\/francia\/#website\",\"url\":\"https:\/\/www.mclouis.com\/francia\/\",\"name\":\"McLouis FRANCIA\",\"description\":\"\",\"potentialAction\":[{\"@type\":\"SearchAction\",\"target\":{\"@type\":\"EntryPoint\",\"urlTemplate\":\"https:\/\/www.mclouis.com\/francia\/?s={search_term_string}\"},\"query-input\":{\"@type\":\"PropertyValueSpecification\",\"valueRequired\":true,\"valueName\":\"search_term_string\"}}],\"inLanguage\":\"fr-FR\"}]}<\/script>\n<!-- \/ Yoast SEO plugin. -->","yoast_head_json":{"title":"McLouis - Camping-cars, semi-camping-cars et capucines depuis 1999","description":"Une offre large et dynamique dont les activit\u00e9s d'innovation et de recherche permettent de r\u00e9pondre en temps opportun \u00e0 l'\u00e9volution du tourisme itin\u00e9rant et aux besoins de chaque camping-car, des familles nombreuses aux couples. D\u00e9couvrez la gamme McLouis 2025.","robots":{"index":"index","follow":"follow","max-snippet":"max-snippet:-1","max-image-preview":"max-image-preview:large","max-video-preview":"max-video-preview:-1"},"canonical":"https:\/\/www.mclouis.com\/francia\/","og_locale":"fr_FR","og_type":"article","og_title":"McLouis - Camping-cars, semi-camping-cars et capucines depuis 1999","og_description":"Une offre large et dynamique dont les activit\u00e9s d'innovation et de recherche permettent de r\u00e9pondre en temps opportun \u00e0 l'\u00e9volution du tourisme itin\u00e9rant et aux besoins de chaque camping-car, des familles nombreuses aux couples. D\u00e9couvrez la gamme McLouis 2025.","og_url":"https:\/\/www.mclouis.com\/francia\/","og_site_name":"McLouis FRANCIA","article_modified_time":"2026-03-03T10:27:19+00:00","twitter_card":"summary_large_image","schema":{"@context":"https:\/\/schema.org","@graph":[{"@type":"WebPage","@id":"https:\/\/www.mclouis.com\/francia\/","url":"https:\/\/www.mclouis.com\/francia\/","name":"McLouis - Camping-cars, semi-camping-cars et capucines depuis 1999","isPartOf":{"@id":"https:\/\/www.mclouis.com\/francia\/#website"},"datePublished":"2024-05-17T07:12:51+00:00","dateModified":"2026-03-03T10:27:19+00:00","description":"Une offre large et dynamique dont les activit\u00e9s d'innovation et de recherche permettent de r\u00e9pondre en temps opportun \u00e0 l'\u00e9volution du tourisme itin\u00e9rant et aux besoins de chaque camping-car, des familles nombreuses aux couples. D\u00e9couvrez la gamme McLouis 2025.","breadcrumb":{"@id":"https:\/\/www.mclouis.com\/francia\/#breadcrumb"},"inLanguage":"fr-FR","potentialAction":[{"@type":"ReadAction","target":["https:\/\/www.mclouis.com\/francia\/"]}]},{"@type":"BreadcrumbList","@id":"https:\/\/www.mclouis.com\/francia\/#breadcrumb","itemListElement":[{"@type":"ListItem","position":1,"name":"Home","item":"https:\/\/www.mclouis.com\/francia\/"},{"@type":"ListItem","position":2,"name":"Home"}]},{"@type":"WebSite","@id":"https:\/\/www.mclouis.com\/francia\/#website","url":"https:\/\/www.mclouis.com\/francia\/","name":"McLouis FRANCIA","description":"","potentialAction":[{"@type":"SearchAction","target":{"@type":"EntryPoint","urlTemplate":"https:\/\/www.mclouis.com\/francia\/?s={search_term_string}"},"query-input":{"@type":"PropertyValueSpecification","valueRequired":true,"valueName":"search_term_string"}}],"inLanguage":"fr-FR"}]}},"_links":{"self":[{"href":"https:\/\/www.mclouis.com\/francia\/wp-json\/wp\/v2\/pages\/1242","targetHints":{"allow":["GET"]}}],"collection":[{"href":"https:\/\/www.mclouis.com\/francia\/wp-json\/wp\/v2\/pages"}],"about":[{"href":"https:\/\/www.mclouis.com\/francia\/wp-json\/wp\/v2\/types\/page"}],"author":[{"embeddable":true,"href":"https:\/\/www.mclouis.com\/francia\/wp-json\/wp\/v2\/users\/1"}],"replies":[{"embeddable":true,"href":"https:\/\/www.mclouis.com\/francia\/wp-json\/wp\/v2\/comments?post=1242"}],"version-history":[{"count":58,"href":"https:\/\/www.mclouis.com\/francia\/wp-json\/wp\/v2\/pages\/1242\/revisions"}],"predecessor-version":[{"id":6682,"href":"https:\/\/www.mclouis.com\/francia\/wp-json\/wp\/v2\/pages\/1242\/revisions\/6682"}],"wp:attachment":[{"href":"https:\/\/www.mclouis.com\/francia\/wp-json\/wp\/v2\/media?parent=1242"}],"curies":[{"name":"wp","href":"https:\/\/api.w.org\/{rel}","templated":true}]}}