{"id":5139,"date":"2024-11-14T10:51:44","date_gmt":"2024-11-14T09:51:44","guid":{"rendered":"https:\/\/www.mclouis.com\/francia\/?page_id=5139"},"modified":"2025-05-09T11:28:25","modified_gmt":"2025-05-09T09:28:25","slug":"pack-serie-800","status":"publish","type":"page","link":"https:\/\/www.mclouis.com\/francia\/pack-serie-800\/","title":{"rendered":"Packs S\u00e9rie 800"},"content":{"rendered":"<div class=\"table-responsive\"><table class=\"table\" style=\"width: 95.2726%;height: 853px\" width=\"701\">\n<tbody>\n<tr style=\"height: 28px\">\n<td style=\"width: 88.1459%;height: 28px\"><span style=\"font-size: 14pt\"><strong>\u00a0<\/strong><\/span><\/td>\n<td style=\"width: 6.079%;text-align: center;height: 28px\"><span style=\"font-size: 14pt\"><strong>FORD<\/strong><\/span><\/td>\n<td style=\"width: 5.77508%;text-align: center;height: 28px\"><span style=\"font-size: 14pt\"><strong>FIAT<\/strong><\/span><\/td>\n<\/tr>\n<tr style=\"height: 100px\">\n<td style=\"width: 88.1459%;height: 100px\"><span style=\"font-size: 14pt\"><strong>PACK S\u00c9RIE 800 MC4 FORD*<br \/>\n<\/strong><\/span>Moteur 165 CV ; Feux diurnes avec feux d&rsquo;angles statiques; Boite \u00e0 gants avec serrure ; Rev\u00eatements int\u00e9rieurs et tableau de bord\u00a0 \u00abTrend\u00bb ; Pare-chocs et moulures lat\u00e9rales couleur carrosserie ; Porte XL \u00e0 2 points avec fen\u00eatre et fermeture centralis\u00e9e ; Support TV ; Toit panoramique ; Housses de si\u00e8ge coordonn\u00e9es \u00e0 la sellerie ; Panneau solaire 200 W avec r\u00e9gulateur MPPT ; Store pliss\u00e9 cabine<\/td>\n<td style=\"width: 6.079%;text-align: center;height: 100px\"><span style=\"font-size: 14pt\"><strong>X<\/strong><\/span><\/td>\n<td style=\"width: 5.77508%;height: 100px\"><span style=\"font-size: 14pt\"><strong>\u00a0<\/strong><\/span><\/td>\n<\/tr>\n<tr style=\"height: 55px\">\n<td style=\"width: 88.1459%;height: 55px\"><span style=\"font-size: 14pt\"><strong>PACK MATIC FORD &#8211; Pack S\u00e9rie 800 Mc4 Ford obligatoire<br \/>\n<\/strong><\/span>Bo\u00eete de vitesse automatique ; S\u00e9rigraphie Matic<\/td>\n<td style=\"width: 6.079%;text-align: center;height: 55px\"><span style=\"font-size: 14pt\"><strong>X<\/strong><\/span><\/td>\n<td style=\"width: 5.77508%;height: 55px\"><span style=\"font-size: 14pt\"><strong>\u00a0<\/strong><\/span><\/td>\n<\/tr>\n<tr style=\"height: 28px\">\n<td style=\"width: 88.1459%;height: 28px\"><span style=\"font-size: 14pt\"><strong>PACK DESIGN &#8211; Pack S\u00e9rie 800 Mc4 Ford et Pack Matic Ford obligatoire<br \/>\n<\/strong><\/span>Cabine avec peinture m\u00e9tallis\u00e9e Moondust Silver ; Jantes en alliage noir de 16\u2019\u2019<\/td>\n<td style=\"width: 6.079%;text-align: center;height: 28px\"><span style=\"font-size: 14pt\"><strong>X<\/strong><\/span><\/td>\n<td style=\"width: 5.77508%;height: 28px\"><span style=\"font-size: 14pt\"><strong>\u00a0<\/strong><\/span><\/td>\n<\/tr>\n<tr style=\"height: 28px\">\n<td style=\"width: 88.1459%;height: 28px\"><span style=\"font-size: 14pt\"><span style=\"font-size: 14pt\"><strong>PACK <\/strong><b style=\"font-family: inherit;font-size: inherit\">EXTRA ASSISTANCE <\/b><b style=\"font-family: inherit;font-size: inherit\">(Ch\u00e2ssis HEAVY <\/b><b style=\"font-family: inherit;font-size: inherit\">obligatoire<\/b><b style=\"font-family: inherit;font-size: inherit\">**) <\/b><b style=\"font-family: inherit;font-size: inherit\">\u2013<\/b> <b style=\"font-family: inherit;font-size: inherit\">Pack <\/b><b style=\"font-family: inherit;font-size: inherit\">S\u00e9rie<\/b><b style=\"font-family: inherit;font-size: inherit\"> 800 Mc4 Ford et <\/b><b style=\"font-family: inherit;font-size: inherit\">Pack <\/b><b style=\"font-family: inherit;font-size: inherit\">Matic<\/b> <b style=\"font-family: inherit;font-size: inherit\">Ford<\/b> <b style=\"font-family: inherit;font-size: inherit\">obligatoires<\/b><strong><br \/>\n<\/strong><\/span><\/span>D\u00e9givrage \u00e9lectrique du pare-brise ; syst\u00e8me Pre-Collision Assist 2.2 (radar \u00e0 moyenne port\u00e9e, aide au braquage d&rsquo;urgence et d&rsquo;avertisseur de collision\/indication de distance &#8211; NCAP4) ; r\u00e9gulateur de vitesse adaptatif avec centrage sur la voie et Stop&amp;Go ; int\u00e9gration du r\u00e9gulateur de vitesse adaptatif avec reconnaissance des panneaux de signalisation ; r\u00e9troviseurs rabattables manuellement avec d\u00e9givrage \u00e9lectrique ; Navigation Center Ford (inclut un an d&rsquo;essai de \u00ab Connected Navigation \u00bb &#8211; renouvelable par abonnement)<\/td>\n<td style=\"width: 6.079%;text-align: center;height: 28px\"><span style=\"font-size: 14pt\"><span style=\"font-size: 14pt\"><strong>X<\/strong><\/span><\/span><\/td>\n<td style=\"width: 5.77508%;height: 28px\"><span style=\"font-size: 14pt\"><span style=\"font-size: 14pt\"><strong>\u00a0<\/strong><\/span><\/span><\/td>\n<\/tr>\n<tr style=\"height: 100px\">\n<td style=\"width: 88.1459%;height: 100px\" width=\"701\"><span style=\"font-size: 14pt\"><strong>PACK S\u00c9RIE 800 MC4 FIAT*<\/strong><\/span><br \/>\nFeux antibrouillard ; Pare-chocs peint couleur de la carrosserie ; Skid Plate noir ; Jantes alliage 16\u00a0\u00bb bicolores ; Volant et Pommeau de vitesse\u00a0 en cuir ; Tableau de bord Techno ; Frein \u00e0 main \u00e9lectrique ; TPMS (Capteur de contr\u00f4le de la pression des pneus) ; Porte XL \u00e0 2 points avec\u00a0 fen\u00eatre et fermeture centralis\u00e9e ; Support TV ; Toit panoramique ; Housses de si\u00e8ge coordonn\u00e9es \u00e0 la sellerie ; Panneau solaire 200 W\u00a0 avec r\u00e9gulateur MPPT ; Store pliss\u00e9 cabine<\/td>\n<td style=\"width: 6.079%;height: 100px\"><span style=\"font-size: 14pt\"><strong>\u00a0<\/strong><\/span><\/td>\n<td style=\"width: 5.77508%;text-align: center;height: 100px\"><span style=\"font-size: 14pt\"><strong>X<\/strong><\/span><\/td>\n<\/tr>\n<tr style=\"height: 76px\">\n<td style=\"width: 88.1459%;height: 76px\" width=\"701\"><span style=\"font-size: 14pt\"><strong>PACK S\u00c9RIE 800 NEVIS FIAT*<\/strong><\/span><br \/>\nFeux antibrouillard ; Pare-chocs peint couleur de la carrosserie ; Skid Plate noir ; Jantes alliage 16\u00a0\u00bb bicolores ; Volant et Pommeau de vitesse en cuir ; Tableau de bord Techno ; Frein \u00e0 main \u00e9lectrique ; TPMS (Capteur de contr\u00f4le de la pression des pneus); Porte XL \u00e0 2 points avec fen\u00eatre et fermeture centralis\u00e9e ; Support TV ; Panneau solaire 200 W avec r\u00e9gulateur MPPT ; Store pliss\u00e9 cabine<\/td>\n<td style=\"width: 6.079%;height: 76px\"><span style=\"font-size: 14pt\"><strong>\u00a0<\/strong><\/span><\/td>\n<td style=\"width: 5.77508%;text-align: center;height: 76px\"><span style=\"font-size: 14pt\"><strong>X<\/strong><\/span><\/td>\n<\/tr>\n<tr style=\"height: 52px\">\n<td style=\"width: 88.1459%;height: 52px\" width=\"701\"><span style=\"font-size: 14pt\"><strong>PACK MATIC FIAT &#8211; Pack S\u00e9rie 800 Mc4 Fiat ou Pack S\u00e9rie 800 Nevis Fiat obligatoires<\/strong><\/span><br \/>\nBo\u00eete de vitesse automatique ; S\u00e9rigraphie Matic ; Suspension composite***<\/td>\n<td style=\"width: 6.079%;height: 52px\"><span style=\"font-size: 14pt\"><strong>\u00a0<\/strong><\/span><\/td>\n<td style=\"width: 5.77508%;text-align: center;height: 52px\"><span style=\"font-size: 14pt\"><strong>X<\/strong><\/span><\/td>\n<\/tr>\n<tr style=\"height: 52px\">\n<td style=\"width: 88.1459%;height: 52px\" width=\"701\"><strong><span style=\"font-size: 14pt\">PACK EXTRA TECH &#8211; Pack S\u00e9rie 800 Mc4 Fiat ou Pack S\u00e9rie 800 Nevis Fiat obligatoires<\/span><\/strong><br \/>\nTableau de bord num\u00e9rique ; Climatisation automatique ; Chargeur sans fil pour smartphone ; Feux FULL LED sur Mc4<\/td>\n<td style=\"width: 6.079%;height: 52px\"><strong><span style=\"font-size: 14pt\">\u00a0<\/span><\/strong><\/td>\n<td style=\"width: 5.77508%;text-align: center;height: 52px\"><strong><span style=\"font-size: 14pt\">X<\/span><\/strong><\/td>\n<\/tr>\n<tr style=\"height: 76px\">\n<td style=\"width: 88.1459%;height: 76px\" width=\"701\"><strong><span style=\"font-size: 14pt\">PACK EXTRA SAFETY &#8211; Pack S\u00e9rie 800 Mc4 Fiat et Pack Extra Tech obligatoires****<\/span><\/strong><br \/>\nR\u00e9gulateur de vitesse adaptatif pour les vitesses &gt; 30 km\/h ; Pack Safety Fiat (Contr\u00f4le int\u00e9gral du freinage avec d\u00e9tection des pi\u00e9tons ; Capteurs de lumi\u00e8re et de pluie ; Assistance au maintien de la trajectoire ; Reconnaissance des panneaux de vitesse ; Alerte de fatigue du conducteur ; Assistance intelligente \u00e0 la vitesse)<\/td>\n<td style=\"width: 6.079%;height: 76px\"><strong><span style=\"font-size: 14pt\">\u00a0<\/span><\/strong><\/td>\n<td style=\"width: 5.77508%;text-align: center;height: 76px\"><strong><span style=\"font-size: 14pt\">X<\/span><\/strong><\/td>\n<\/tr>\n<tr style=\"height: 52px\">\n<td style=\"width: 88.1459%;height: 52px\" width=\"701\"><strong><span style=\"font-size: 14pt\">PACK PLEIN AIR\u00a0<\/span><\/strong><br \/>\nStore anthracite*****; Prise de gaz externe ; Douchette ext\u00e9rieure<\/td>\n<td style=\"width: 6.079%;text-align: center;height: 52px\"><strong><span style=\"font-size: 14pt\">X<\/span><\/strong><\/td>\n<td style=\"width: 5.77508%;text-align: center;height: 52px\"><strong><span style=\"font-size: 14pt\">X<\/span><\/strong><\/td>\n<\/tr>\n<tr style=\"height: 76px\">\n<td style=\"width: 88.1459%;height: 50px\" width=\"701\"><strong><span style=\"font-size: 14pt\">PACK BOOST &#8211; Pack S\u00e9rie 800 Mc4 Ford \/ Fiat ou Pack S\u00e9rie 800 Nevis Fiat obligatoires<\/span><\/strong><br \/>\nDeuxi\u00e8me panneau solaire de 200 W avec r\u00e9gulateur MPPT ; Batterie de services au lithium ; Deuxi\u00e8me batterie de services au lithium<\/td>\n<td style=\"width: 6.079%;text-align: center;height: 50px\"><strong><span style=\"font-size: 14pt\">X<\/span><\/strong><\/td>\n<td style=\"width: 5.77508%;text-align: center;height: 50px\"><strong><span style=\"font-size: 14pt\">X<\/span><\/strong><\/td>\n<\/tr>\n<tr style=\"height: 52px\">\n<td style=\"width: 88.1459%;height: 52px\" width=\"701\"><strong><span style=\"font-size: 14pt\">PACK TV SATELLITAIRE 32\u2019\u2019<\/span><\/strong><br \/>\nSmart TV 32\u2019\u2019 ; Antenne satellite<\/td>\n<td style=\"width: 6.079%;text-align: center;height: 52px\"><strong><span style=\"font-size: 14pt\">X<\/span><\/strong><\/td>\n<td style=\"width: 5.77508%;text-align: center;height: 52px\"><strong><span style=\"font-size: 14pt\">X<\/span><\/strong><\/td>\n<\/tr>\n<tr style=\"height: 52px\">\n<td style=\"width: 88.1459%;height: 52px\" width=\"701\"><strong><span style=\"font-size: 14pt\">PACK TV DIGIT 32\u2019\u2019<\/span><\/strong><br \/>\nSmart TV 32\u2019\u2019 ; Antenne num\u00e9rique<\/td>\n<td style=\"width: 6.079%;text-align: center;height: 52px\"><strong><span style=\"font-size: 14pt\">X<\/span><\/strong><\/td>\n<td style=\"width: 5.77508%;text-align: center;height: 52px\"><strong><span style=\"font-size: 14pt\">X<\/span><\/strong><\/td>\n<\/tr>\n<tr style=\"height: 52px\">\n<td style=\"width: 88.1459%;height: 52px\" width=\"701\"><span style=\"font-size: 14pt\"><strong>PACK TV WI-FI 32\u2019\u2019<\/strong><\/span><br \/>\nSmart TV 32\u2019\u2019 ; Router Wi-Fi<\/td>\n<td style=\"width: 6.079%;text-align: center;height: 52px\"><span style=\"font-size: 14pt\"><strong>X<\/strong><\/span><\/td>\n<td style=\"width: 5.77508%;text-align: center;height: 52px\"><span style=\"font-size: 14pt\"><strong>X<\/strong><\/span><\/td>\n<\/tr>\n<\/tbody>\n<\/table><\/div>\n<p>&nbsp;<\/p>\n<p>* Pack S\u00e9rie 800 Mc4 Ford\/Fiat ou Nevis sont des packs \u00e0 1\u20ac. Promotion active dans la liste des prix de lancement et valable jusqu\u2019\u00e0 nouvelle communication<br \/>\n** Peut \u00e9galement \u00eatre homologu\u00e9 pour 3,5 t<br \/>\n*** Non disponibles sur les ch\u00e2ssis Heavy de 4,25 \u00e0 4,4 tonnes<br \/>\n**** Pack Extra Safety non disponible sur Nevis<br \/>\n***** 4 m sur Mc4 860 e 865; 4,5 m sur Mc4 870, 873, 879, 881, 5 m sur Nevis 870, 873, 879, 881<\/p>\n","protected":false},"excerpt":{"rendered":"<p>\u00a0 FORD FIAT PACK S\u00c9RIE 800 MC4 FORD* Moteur 165 CV ; Feux diurnes avec feux d&rsquo;angles statiques; Boite \u00e0 gants avec serrure ; Rev\u00eatements int\u00e9rieurs et tableau de bord\u00a0 \u00abTrend\u00bb ; Pare-chocs et moulures lat\u00e9rales couleur carrosserie ; Porte XL \u00e0 2 points avec fen\u00eatre et fermeture centralis\u00e9e ; Support TV ; Toit panoramique &hellip; <a href=\"https:\/\/www.mclouis.com\/francia\/pack-serie-800\/\">Continued<\/a><\/p>\n","protected":false},"author":5,"featured_media":0,"parent":0,"menu_order":0,"comment_status":"closed","ping_status":"closed","template":"","meta":{"_acf_changed":false,"inline_featured_image":false,"footnotes":""},"class_list":["post-5139","page","type-page","status-publish","hentry"],"acf":[],"yoast_head":"<!-- This site is optimized with the Yoast SEO plugin v27.2 - https:\/\/yoast.com\/product\/yoast-seo-wordpress\/ -->\n<title>Packs S\u00e9rie 800 - McLouis FRANCIA<\/title>\n<meta name=\"robots\" content=\"index, follow, max-snippet:-1, max-image-preview:large, max-video-preview:-1\" \/>\n<link rel=\"canonical\" href=\"https:\/\/www.mclouis.com\/francia\/pack-serie-800\/\" \/>\n<meta property=\"og:locale\" content=\"fr_FR\" \/>\n<meta property=\"og:type\" content=\"article\" \/>\n<meta property=\"og:title\" content=\"Packs S\u00e9rie 800 - McLouis FRANCIA\" \/>\n<meta property=\"og:description\" content=\"\u00a0 FORD FIAT PACK S\u00c9RIE 800 MC4 FORD* Moteur 165 CV ; Feux diurnes avec feux d&rsquo;angles statiques; Boite \u00e0 gants avec serrure ; Rev\u00eatements int\u00e9rieurs et tableau de bord\u00a0 \u00abTrend\u00bb ; Pare-chocs et moulures lat\u00e9rales couleur carrosserie ; Porte XL \u00e0 2 points avec fen\u00eatre et fermeture centralis\u00e9e ; Support TV ; Toit panoramique &hellip; Continued\" \/>\n<meta property=\"og:url\" content=\"https:\/\/www.mclouis.com\/francia\/pack-serie-800\/\" \/>\n<meta property=\"og:site_name\" content=\"McLouis FRANCIA\" \/>\n<meta property=\"article:modified_time\" content=\"2025-05-09T09:28:25+00:00\" \/>\n<meta name=\"twitter:card\" content=\"summary_large_image\" \/>\n<meta name=\"twitter:label1\" content=\"Dur\u00e9e de lecture estim\u00e9e\" \/>\n\t<meta name=\"twitter:data1\" content=\"4 minutes\" \/>\n<script type=\"application\/ld+json\" class=\"yoast-schema-graph\">{\"@context\":\"https:\/\/schema.org\",\"@graph\":[{\"@type\":\"WebPage\",\"@id\":\"https:\/\/www.mclouis.com\/francia\/pack-serie-800\/\",\"url\":\"https:\/\/www.mclouis.com\/francia\/pack-serie-800\/\",\"name\":\"Packs S\u00e9rie 800 - McLouis FRANCIA\",\"isPartOf\":{\"@id\":\"https:\/\/www.mclouis.com\/francia\/#website\"},\"datePublished\":\"2024-11-14T09:51:44+00:00\",\"dateModified\":\"2025-05-09T09:28:25+00:00\",\"breadcrumb\":{\"@id\":\"https:\/\/www.mclouis.com\/francia\/pack-serie-800\/#breadcrumb\"},\"inLanguage\":\"fr-FR\",\"potentialAction\":[{\"@type\":\"ReadAction\",\"target\":[\"https:\/\/www.mclouis.com\/francia\/pack-serie-800\/\"]}]},{\"@type\":\"BreadcrumbList\",\"@id\":\"https:\/\/www.mclouis.com\/francia\/pack-serie-800\/#breadcrumb\",\"itemListElement\":[{\"@type\":\"ListItem\",\"position\":1,\"name\":\"Home\",\"item\":\"https:\/\/www.mclouis.com\/francia\/\"},{\"@type\":\"ListItem\",\"position\":2,\"name\":\"Packs S\u00e9rie 800\"}]},{\"@type\":\"WebSite\",\"@id\":\"https:\/\/www.mclouis.com\/francia\/#website\",\"url\":\"https:\/\/www.mclouis.com\/francia\/\",\"name\":\"McLouis FRANCIA\",\"description\":\"\",\"potentialAction\":[{\"@type\":\"SearchAction\",\"target\":{\"@type\":\"EntryPoint\",\"urlTemplate\":\"https:\/\/www.mclouis.com\/francia\/?s={search_term_string}\"},\"query-input\":{\"@type\":\"PropertyValueSpecification\",\"valueRequired\":true,\"valueName\":\"search_term_string\"}}],\"inLanguage\":\"fr-FR\"}]}<\/script>\n<!-- \/ Yoast SEO plugin. -->","yoast_head_json":{"title":"Packs S\u00e9rie 800 - McLouis FRANCIA","robots":{"index":"index","follow":"follow","max-snippet":"max-snippet:-1","max-image-preview":"max-image-preview:large","max-video-preview":"max-video-preview:-1"},"canonical":"https:\/\/www.mclouis.com\/francia\/pack-serie-800\/","og_locale":"fr_FR","og_type":"article","og_title":"Packs S\u00e9rie 800 - McLouis FRANCIA","og_description":"\u00a0 FORD FIAT PACK S\u00c9RIE 800 MC4 FORD* Moteur 165 CV ; Feux diurnes avec feux d&rsquo;angles statiques; Boite \u00e0 gants avec serrure ; Rev\u00eatements int\u00e9rieurs et tableau de bord\u00a0 \u00abTrend\u00bb ; Pare-chocs et moulures lat\u00e9rales couleur carrosserie ; Porte XL \u00e0 2 points avec fen\u00eatre et fermeture centralis\u00e9e ; Support TV ; Toit panoramique &hellip; Continued","og_url":"https:\/\/www.mclouis.com\/francia\/pack-serie-800\/","og_site_name":"McLouis FRANCIA","article_modified_time":"2025-05-09T09:28:25+00:00","twitter_card":"summary_large_image","twitter_misc":{"Dur\u00e9e de lecture estim\u00e9e":"4 minutes"},"schema":{"@context":"https:\/\/schema.org","@graph":[{"@type":"WebPage","@id":"https:\/\/www.mclouis.com\/francia\/pack-serie-800\/","url":"https:\/\/www.mclouis.com\/francia\/pack-serie-800\/","name":"Packs S\u00e9rie 800 - McLouis FRANCIA","isPartOf":{"@id":"https:\/\/www.mclouis.com\/francia\/#website"},"datePublished":"2024-11-14T09:51:44+00:00","dateModified":"2025-05-09T09:28:25+00:00","breadcrumb":{"@id":"https:\/\/www.mclouis.com\/francia\/pack-serie-800\/#breadcrumb"},"inLanguage":"fr-FR","potentialAction":[{"@type":"ReadAction","target":["https:\/\/www.mclouis.com\/francia\/pack-serie-800\/"]}]},{"@type":"BreadcrumbList","@id":"https:\/\/www.mclouis.com\/francia\/pack-serie-800\/#breadcrumb","itemListElement":[{"@type":"ListItem","position":1,"name":"Home","item":"https:\/\/www.mclouis.com\/francia\/"},{"@type":"ListItem","position":2,"name":"Packs S\u00e9rie 800"}]},{"@type":"WebSite","@id":"https:\/\/www.mclouis.com\/francia\/#website","url":"https:\/\/www.mclouis.com\/francia\/","name":"McLouis FRANCIA","description":"","potentialAction":[{"@type":"SearchAction","target":{"@type":"EntryPoint","urlTemplate":"https:\/\/www.mclouis.com\/francia\/?s={search_term_string}"},"query-input":{"@type":"PropertyValueSpecification","valueRequired":true,"valueName":"search_term_string"}}],"inLanguage":"fr-FR"}]}},"_links":{"self":[{"href":"https:\/\/www.mclouis.com\/francia\/wp-json\/wp\/v2\/pages\/5139","targetHints":{"allow":["GET"]}}],"collection":[{"href":"https:\/\/www.mclouis.com\/francia\/wp-json\/wp\/v2\/pages"}],"about":[{"href":"https:\/\/www.mclouis.com\/francia\/wp-json\/wp\/v2\/types\/page"}],"author":[{"embeddable":true,"href":"https:\/\/www.mclouis.com\/francia\/wp-json\/wp\/v2\/users\/5"}],"replies":[{"embeddable":true,"href":"https:\/\/www.mclouis.com\/francia\/wp-json\/wp\/v2\/comments?post=5139"}],"version-history":[{"count":10,"href":"https:\/\/www.mclouis.com\/francia\/wp-json\/wp\/v2\/pages\/5139\/revisions"}],"predecessor-version":[{"id":5765,"href":"https:\/\/www.mclouis.com\/francia\/wp-json\/wp\/v2\/pages\/5139\/revisions\/5765"}],"wp:attachment":[{"href":"https:\/\/www.mclouis.com\/francia\/wp-json\/wp\/v2\/media?parent=5139"}],"curies":[{"name":"wp","href":"https:\/\/api.w.org\/{rel}","templated":true}]}}