{"id":3718,"date":"2024-06-04T15:53:24","date_gmt":"2024-06-04T13:53:24","guid":{"rendered":"https:\/\/www.mclouis.com\/?page_id=3718"},"modified":"2025-05-27T14:25:10","modified_gmt":"2025-05-27T12:25:10","slug":"cookie-policy","status":"publish","type":"page","link":"https:\/\/www.mclouis.com\/no\/cookie-policy\/","title":{"rendered":"Informasjonskapsler"},"content":{"rendered":"<p>Denne informasjonskapselpolicyen gjelder for bruk av informasjonskapsler p\u00e5 nettstedet\u00a0\u00a0<strong><a href=\"https:\/\/www-mclouis-com.translate.goog\/?_x_tr_sl=en&amp;_x_tr_tl=no&amp;_x_tr_hl=no&amp;_x_tr_pto=wapp\">www.mclouis.com<\/a><\/strong><\/p>\n<p>For nettstedets personvernerkl\u00e6ring, vennligst\u00a0\u00a0<strong><a href=\"https:\/\/www-mclouis-com.translate.goog\/privacy-policy-2\/?_x_tr_sl=en&amp;_x_tr_tl=no&amp;_x_tr_hl=no&amp;_x_tr_pto=wapp\">klikk her.<\/a><\/strong><\/p>\n<p>Informasjonskapsler er sm\u00e5 tekstfiler som kan brukes av nettsteder for \u00e5 gj\u00f8re opplevelsen din mer effektiv, og som sendes til nettleseren din, hvor de lagres og deretter sendes p\u00e5 nytt til det samme nettstedet neste gang du bes\u00f8ker det. Informasjonskapsler har forskjellige funksjoner.<\/p>\n<p>Informasjonskapsler er ment \u00e5 forbedre funksjonaliteten og navigasjonen p\u00e5 dette nettstedet.<\/p>\n<p>I andre tilfeller brukes informasjonskapsler til \u00e5 overv\u00e5ke deg mens du surfer, registrere informasjon om hva du kj\u00f8per eller \u00f8nsker \u00e5 kj\u00f8pe, analysere hva du leser, hobbyene dine, og tilpasse reklamen som vises n\u00e5r du \u00e5pner e-posten eller surfer p\u00e5 et sosialt nettverk. Vi bruker informasjonskapsler for \u00e5 tilpasse innhold, tilby funksjoner for sosiale medier og analysere trafikk.<\/p>\n<p>Du kan angi personverninnstillingene dine i nettleseren din slik at de ikke lagrer informasjonskapsler, slette dem etter hvert bes\u00f8k eller hver gang du lukker nettleseren, eller til og med bare godta informasjonskapslene fra\u00a0\u00a0\u00a0<strong><a href=\"https:\/\/translate.google.com\/website?sl=en&amp;tl=no&amp;hl=no&amp;client=webapp&amp;u=http:\/\/www.mclouis.com\/\">www.mclouis.com<\/a><\/strong>\u00a0\u00a0og ikke informasjonskapslene fra tredjeparter.<\/p>\n<p>&nbsp;<\/p>\n<p><strong>Tekniske informasjonskapsler<\/strong><\/p>\n<p>Tekniske informasjonskapsler er de som ikke krever ditt samtykke.<\/p>\n<p>Tekniske informasjonskapsler brukes utelukkende med det form\u00e5l \u00e5 gj\u00f8re det mulig for deg \u00e5 navigere p\u00e5 nettstedet og bruke funksjonene dets. Dette er alltid f\u00f8rsteparts informasjonskapsler, ettersom de formidles direkte av den behandlingsansvarlige p\u00e5 nettstedet. Nettleserinformasjonskapsler er vanligvis \u00f8ktinformasjonskapsler og deaktiveres derfor automatisk n\u00e5r du lukker nettleseren. Andre tekniske informasjonskapsler er nyttige for \u00e5 la deg lagre noen preferanser uten \u00e5 m\u00e5tte tilbakestille dem under p\u00e5f\u00f8lgende bes\u00f8k (\u00abfunksjonalitetsinformasjonskapsler\u00bb). Av denne grunn er funksjonalitetsinformasjonskapsler ofte permanente informasjonskapsler, ettersom de forblir lagret p\u00e5 datamaskinen din selv etter at du lukker nettleseren, til de utl\u00f8per eller til du bestemmer deg for \u00e5 slette dem.<\/p>\n<p>&nbsp;<\/p>\n<p><strong>Tredjeparts informasjonskapsler<\/strong><\/p>\n<p>Disse informasjonskapslene brukes til \u00e5 samle inn informasjon om din bruk av nettstedet p\u00e5 en anonym m\u00e5te, for eksempel: bes\u00f8kte sider, oppholdstid, trafikkopprinnelse, geografisk opprinnelse, alder, kj\u00f8nn og interesser, for statistiske og markedsf\u00f8ringsform\u00e5l. Disse informasjonskapslene sendes fra tredjepartsdomener utenfor nettstedet.<\/p>\n<p>&nbsp;<\/p>\n<p><strong>Nyhetsbrev<\/strong><\/p>\n<p>Dette nettstedet bruker tjenesten<br \/>\n<strong>Amazon Simple Email Service.<\/strong><br \/>\nFor mer informasjon, f\u00f8lg denne lenken<br \/>\n<strong><u>https:\/\/d1.awsstatic.com\/legal\/privacypolicy\/AWS_Privacy_Notice_Italian_2020-08-15.pdf<\/u><\/strong><\/p>\n<p>&nbsp;<\/p>\n<p><strong>STATISTIKK<\/strong><\/p>\n<p>&nbsp;<\/p>\n<p><strong>1. Google Analyse\u00a0<\/strong><\/p>\n<p>Google Analytics bruker informasjonskapsler for \u00e5 samle inn informasjon, i aggregert form, om antall brukere og hvordan de bes\u00f8ker nettstedet. Dette nettstedet bruker Google Analytics-tjenesten som tilbys av Google Ireland Limited, med en anonymisert IP-adresse. Derfor er dette tredjeparts informasjonskapsler som brukes til \u00e5 statistisk overv\u00e5ke aktivitetene som utf\u00f8res p\u00e5 nettstedet. Google Analytics bruker informasjonskapsler som ikke lagrer personopplysninger. Gjennom bruk av Google Analytics-panelet er det mulig \u00e5 forst\u00e5 om bes\u00f8kene ble gjort av nye eller tilbakevendende bes\u00f8kende ved \u00e5 bekrefte hvordan sidene ble navigert (inngangslenke, utgangslenke, bevegelser mellom sider, oppholdstid, geografisk opprinnelse osv.).<\/p>\n<p>For mer informasjon om Google Analytics kan du bes\u00f8ke nettstedene:<\/p>\n<p>&nbsp;<\/p>\n<p><a href=\"https:\/\/translate.google.com\/website?sl=en&amp;tl=no&amp;hl=no&amp;client=webapp&amp;u=https:\/\/www.google.it\/policies\/privacy\/partners\/\"><strong>https:\/\/www.google.it\/policies\/privacy\/partners\/<\/strong><\/a><\/p>\n<p><a href=\"https:\/\/translate.google.com\/website?sl=en&amp;tl=no&amp;hl=no&amp;client=webapp&amp;u=https:\/\/developers.google.com\/analytics\/devguides\/collection\/analyticsjs\/cookie-usage\"><strong>https:\/\/developers.google.com\/analytics\/devguides\/collection\/analyticsjs\/cookie-usage<\/strong><\/a><\/p>\n<p>&nbsp;<\/p>\n<p>Du kan deaktivere Google Analytics ved \u00e5 velge bort:<\/p>\n<p><a href=\"https:\/\/translate.google.com\/website?sl=en&amp;tl=no&amp;hl=no&amp;client=webapp&amp;u=https:\/\/tools.google.com\/dlpage\/gaoptout\"><strong>https:\/\/tools.google.com\/dlpage\/gaoptout<\/strong><\/a><\/p>\n<p>&nbsp;<\/p>\n<p><strong>2. Konverteringsoverv\u00e5king av Facebook-piksler (Meta Platforms, Inc.)<\/strong><\/p>\n<p>Dette nettstedet bruker konverteringsoverv\u00e5kingstjenesten som tilbys av Meta Platforms, Inc., hvis informasjonskapsler er tredjeparts informasjonskapsler som brukes til \u00e5 statistisk overv\u00e5ke aktivitetene som utf\u00f8res p\u00e5 nettstedet.<br \/>\nFor mer informasjon, f\u00f8lg denne lenken:\u00a0\u00a0<strong><u><a href=\"https:\/\/translate.google.com\/website?sl=en&amp;tl=no&amp;hl=no&amp;client=webapp&amp;u=https:\/\/www.facebook.com\/policies\/cookies\/\">https:\/\/www.facebook.com\/policies\/cookies\/<\/a><\/u><\/strong><\/p>\n<p>&nbsp;<\/p>\n<p><span lang=\"en-GB\"><strong>3. Google Search Console (Google Ireland Limited)<\/strong><br \/>\n<\/span><span lang=\"en-GB\">For mer informasjon, f\u00f8lg denne lenken:\u00a0\u00a0<strong><a href=\"https:\/\/translate.google.com\/website?sl=en&amp;tl=no&amp;hl=no&amp;client=webapp&amp;u=https:\/\/policies.google.com\/privacy?hl%3Dit\">https:\/\/policies.google.com\/privacy?hl=it<\/a><\/strong><\/span><\/p>\n<p>&nbsp;<\/p>\n<p><strong>TAGGADministrasjon<\/strong><\/p>\n<p><strong>Google Tag Manager (Google Ireland Limited)<\/strong><\/p>\n<p>&nbsp;<\/p>\n<p>Dette nettstedet bruker tredjeparts tag-administrasjonstjenesten som tilbys av Google Ireland Limited. For mer informasjon, f\u00f8lg denne lenken:\u00a0\u00a0<a href=\"https:\/\/translate.google.com\/website?sl=en&amp;tl=no&amp;hl=no&amp;client=webapp&amp;u=https:\/\/policies.google.com\/technologies\/cookies?hl%3Dit\">https:\/\/policies.google.com\/technologies\/cookies?hl=it<\/a><strong><br \/>\n<\/strong><\/p>\n<p>&nbsp;<\/p>\n<p><strong>SOSIALE NETTVERKS-KNAPP<\/strong><\/p>\n<p>1.\u00a0<strong>Facebook<\/strong><\/p>\n<p>For mer informasjon, f\u00f8lg denne lenken:\u00a0<strong><a href=\"https:\/\/translate.google.com\/website?sl=en&amp;tl=no&amp;hl=no&amp;client=webapp&amp;u=https:\/\/www.facebook.com\/policies\/cookies\/\">https:\/\/www.facebook.com\/policies\/cookies\/<\/a><\/strong><strong>\u00a0<\/strong><\/p>\n<p>2.\u00a0<strong>Instagram<\/strong><\/p>\n<p>For mer informasjon, f\u00f8lg denne lenken:\u00a0\u00a0<a href=\"https:\/\/translate.google.com\/website?sl=en&amp;tl=no&amp;hl=no&amp;client=webapp&amp;u=https:\/\/help.instagram.com\/1896641480634370\"><strong>https:\/\/help.instagram.com\/1896641480634370<\/strong><\/a><\/p>\n<p>3.\u00a0\u00a0<strong>Youtube<\/strong><\/p>\n<p>For mer informasjon, f\u00f8lg denne lenken:\u00a0\u00a0<strong><a href=\"https:\/\/translate.google.com\/website?sl=en&amp;tl=no&amp;hl=no&amp;client=webapp&amp;u=https:\/\/policies.google.com\/technologies\/cookies?hl%3Dit\">https:\/\/policies.google.com\/technologies\/cookies?hl=it<\/a><\/strong><\/p>\n<p>&nbsp;<\/p>\n<p><strong>INNHOLD P\u00c5 EKSTERNE PLATTFORMER<\/strong><\/p>\n<p>1.\u00a0<strong>\u00a0Google Maps<\/strong><\/p>\n<p>For mer informasjon, f\u00f8lg denne lenken:\u00a0\u00a0<a href=\"https:\/\/translate.google.com\/website?sl=en&amp;tl=no&amp;hl=no&amp;client=webapp&amp;u=https:\/\/policies.google.com\/technologies\/types?hl%3Dit\"><strong>https:\/\/policies.google.com\/technologies\/types?hl=it<\/strong><\/a><\/p>\n<p>2.\u00a0\u00a0<strong>Youtube<\/strong><\/p>\n<p>For mer informasjon, f\u00f8lg denne lenken:\u00a0\u00a0<strong><a href=\"https:\/\/translate.google.com\/website?sl=en&amp;tl=no&amp;hl=no&amp;client=webapp&amp;u=https:\/\/policies.google.com\/technologies\/cookies?hl%3Dit\">https:\/\/policies.google.com\/technologies\/cookies?hl=it<\/a><\/strong><\/p>\n<p>&nbsp;<\/p>\n<p><strong>Profileringsinformasjonskapsler<\/strong><\/p>\n<p>Profileringsinformasjonskapsler brukes til \u00e5 opprette profilen din, basert p\u00e5 preferansene og smaken du uttrykker n\u00e5r du surfer p\u00e5 Internett, og for \u00e5 vise reklamebudskap som er i samsvar med profilen din. P\u00e5 denne m\u00e5ten kan reklamebudskapene som vises p\u00e5 dette nettstedet v\u00e6re mer interessante for deg. I henhold til gjeldende personvernlover kreves det forh\u00e5ndssamtykke for \u00e5 installere disse informasjonskapslene.<\/p>\n<p>&nbsp;<\/p>\n<p><strong>1. Facebook-piksel<\/strong><\/p>\n<p>Facebook-pikselen brukes til \u00e5 utf\u00f8re \u00abremarketing\u00bb og \u00abretargeting\u00bb-aktiviteter. Disse aktivitetene bruker informasjonskapslene du har lagt igjen p\u00e5 nettstedet uten \u00e5 identifisere deg.<\/p>\n<p>For \u00e5 sjekke og deaktivere annonsene, f\u00f8lg disse lenkene:\u00a0\u00a0<a href=\"https:\/\/translate.google.com\/website?sl=en&amp;tl=no&amp;hl=no&amp;client=webapp&amp;u=https:\/\/www.facebook.com\/policies\/cookies\/\"><strong>https:\/\/www.facebook.com\/policies\/cookies\/<\/strong><\/a>\u00a0\u00a0og\u00a0\u00a0<a href=\"https:\/\/translate.google.com\/website?sl=en&amp;tl=no&amp;hl=no&amp;client=webapp&amp;u=https:\/\/www.facebook.com\/ads\/settings\"><strong>https:\/\/www.facebook.com\/ads\/settings<\/strong><\/a><\/p>\n<p><strong>2. Google ADS (Google\u00a0<\/strong>\u00a0<strong>Ireland Limited)<br \/>\n<\/strong>Du kan deaktivere m\u00e5lrettings- og remarketingfunksjonene permanent ved \u00e5 deaktivere funksjonen \u00abtilpasset annonsering\u00bb i Google-kontoen din. F\u00f8lg denne lenken for \u00e5 gj\u00f8re det:\u00a0\u00a0<a href=\"https:\/\/translate.google.com\/website?sl=en&amp;tl=no&amp;hl=no&amp;client=webapp&amp;u=https:\/\/www.google.com\/settings\/ads\/onweb\/\"><strong>https:\/\/www.google.com\/settings\/ads\/onweb\/<\/strong><\/a><\/p>\n<p><strong>3. Instagram-annonser<br \/>\n<\/strong>Denne nettsiden bruker Pixel-verkt\u00f8yet for \u00e5 m\u00e5le konverteringer og forst\u00e5 handlingene folk utf\u00f8rer p\u00e5 nettstedet. For mer informasjon om Instagram-annonser, f\u00f8lg denne lenken:\u00a0\u00a0<a href=\"https:\/\/translate.google.com\/website?sl=en&amp;tl=no&amp;hl=no&amp;client=webapp&amp;u=https:\/\/help.instagram.com\/519522125107875\">https:\/\/help.instagram.com\/519522125107875<\/a><\/p>\n<p>&nbsp;<\/p>\n<p><strong>Slette eller deaktivere informasjonskapsler<\/strong><\/p>\n<p>Med unntak av tekniske informasjonskapsler, som er strengt n\u00f8dvendige for normal nettlesing, kan du velge \u00e5 oppgi dataene dine n\u00e5r du surfer p\u00e5 nettstedet etter \u00e5 ha sett den korte informasjonen i banneret, og bruke tredjepartstjenester som involverer installasjon av informasjonskapsler. Brukeren kan derfor forhindre installasjon av informasjonskapsler ved \u00e5 beholde banneret eller gjennom de aktuelle funksjonene som er tilgjengelige i nettleseren sin eller i denne policyen.<br \/>\nDu kan administrere preferansene dine for informasjonskapsler direkte i nettleseren din og forhindre at tredjeparter installerer dem. V\u00e6r oppmerksom p\u00e5 at deaktivering av alle informasjonskapsler kan forhindre driften av dette nettstedet.<\/p>\n<p>Hver nettleser har forskjellige prosedyrer for \u00e5 administrere innstillinger.<\/p>\n<p>Du kan f\u00e5 spesifikke instruksjoner via lenkene nedenfor. For \u00e5 slette\/deaktivere Android-informasjonskapsler, g\u00e5 til:<br \/>\n<a href=\"https:\/\/translate.google.com\/website?sl=en&amp;tl=no&amp;hl=no&amp;client=webapp&amp;u=https:\/\/support.google.com\/chrome\/answer\/2392971?hl%3Dit-IT\"><strong>https:\/\/support.google.com\/chrome\/answer\/2392971?hl=it-IT<\/strong><\/a><\/p>\n<p>For \u00e5 slette\/deaktivere informasjonskapsler i Mozilla Firefox:<br \/>\n<strong><a href=\"https:\/\/translate.google.com\/website?sl=en&amp;tl=no&amp;hl=no&amp;client=webapp&amp;u=http:\/\/support.mozilla.com\/it\/kb\/Eliminare%2520i%2520cookie\">http:\/\/support.mozilla.com\/it\/kb\/Eliminare%20i%20cookie<\/a><\/strong><\/p>\n<p>For \u00e5 slette\/deaktivere informasjonskapsler i Explorer:<br \/>\n<strong><a href=\"https:\/\/translate.google.com\/website?sl=en&amp;tl=no&amp;hl=no&amp;client=webapp&amp;u=http:\/\/windows.microsoft.com\/it-IT\/windows-vista\/Delete-your-Internet-cookies\">http:\/\/windows.microsoft.com\/it-IT\/windows-vista\/Delete-your-Internet-cookies<\/a><\/strong><\/p>\n<p>For \u00e5 slette\/deaktivere Chrome-informasjonskapsler:<br \/>\n<strong><a href=\"https:\/\/translate.google.com\/website?sl=en&amp;tl=no&amp;hl=no&amp;client=webapp&amp;u=http:\/\/support.google.com\/chrome\/bin\/answer.py?hl%3Dit%26answer%3D95647\">http:\/\/support.google.com\/chrome\/bin\/answer.py?hl=it&amp;answer=95647<\/a><\/strong><\/p>\n<p>For \u00e5 slette\/deaktivere Safari-informasjonskapsler:<br \/>\n<strong><a href=\"https:\/\/translate.google.com\/website?sl=en&amp;tl=no&amp;hl=no&amp;client=webapp&amp;u=http:\/\/support.apple.com\/kb\/PH5042\">http:\/\/support.apple.com\/kb\/PH5042<\/a><\/strong><\/p>\n<p>For \u00e5 slette\/deaktivere Opera-informasjonskapsler:<br \/>\n<strong><a href=\"https:\/\/translate.google.com\/website?sl=en&amp;tl=no&amp;hl=no&amp;client=webapp&amp;u=http:\/\/www.opera.com\/browser\/tutorials\/security\/privacy\/\">http:\/\/www.opera.com\/browser\/tutorials\/security\/privacy\/<\/a><\/strong><\/p>\n<p>For \u00e5 slette\/deaktivere iOS-informasjonskapsler:<br \/>\n<a href=\"https:\/\/translate.google.com\/website?sl=en&amp;tl=no&amp;hl=no&amp;client=webapp&amp;u=https:\/\/support.apple.com\/it-it\/HT201265\"><strong>https:\/\/support.apple.com\/it-it\/HT201265<\/strong><\/a><\/p>\n<p>&nbsp;<\/p>\n<p>For \u00e5 deaktivere tredjeparts informasjonskapsler kan du ogs\u00e5 bruke\u00a0\u00a0<strong>Your Online Choices,\u00a0<\/strong>\u00a0<a href=\"https:\/\/translate.google.com\/website?sl=en&amp;tl=no&amp;hl=no&amp;client=webapp&amp;u=http:\/\/www.youronlinechoices.com\/it\/le-tue-scelte\"><strong>http:\/\/www.youronlinechoices.com\/it\/le-tue-scelte<\/strong><\/a>\u00a0\u00a0, en nettjeneste som drives av den ideelle organisasjonen European Interactive Digital Advertising Alliance (EDAA). Tjenesten gir informasjon om atferdsreklame basert p\u00e5 profileringsinformasjonskapsler, og lar deg enkelt velge bort installasjon av dem. Ved \u00e5 slette alle informasjonskapsler fra nettleseren din eller fjerne dem gjennom tjenester som Your Online Choices, vil tredjeparts informasjonskapsler generelt sett bli blokkert, ikke bare innenfor dette nettstedets omr\u00e5de.<\/p>\n<p>&nbsp;<\/p>\n<p><strong>Mer informasjon om behandling<\/strong><\/p>\n<p>P\u00e5 foresp\u00f8rsel kan dette nettstedet, i tillegg til informasjonen i retningslinjene for informasjonskapsler, gi deg ytterligere og kontekstuell informasjon om spesifikke tjenester eller innsamling og behandling av personopplysninger.\u00a0<strong>\u00a0<\/strong>For drifts- og vedlikeholdsform\u00e5l kan dette nettstedet og eventuelle tredjepartstjenester som brukes av det, samle inn systemlogger, dvs. filer som registrerer interaksjoner og som ogs\u00e5 kan inneholde personopplysninger, for eksempel din IP-adresse.\u00a0<strong>\u00a0<\/strong>Ytterligere informasjon om behandling av personopplysninger kan n\u00e5r som helst forespurt fra den behandlingsansvarlige ved \u00e5 bruke kontaktinformasjonen.<\/p>\n<p>&nbsp;<\/p>\n<p><strong>Hvordan ut\u00f8ve rettighetene dine<\/strong><\/p>\n<p>I henhold til art. 15-22 i EU-forordning 679\/2016 har du rett til \u00e5 f\u00e5 bekreftelse p\u00e5 om dine personopplysninger eksisterer eller ikke, selv om de enn\u00e5 ikke er lagret, og til \u00e5 f\u00e5 dem formidlet i forst\u00e5elig form.<br \/>\nEn registrert har rett til \u00e5 bli informert om:<br \/>\na) kilden til personopplysningene;<br \/>\nb) form\u00e5lene og metodene for behandlingen;<br \/>\nc) logikken som brukes i behandlingen, dersom den utf\u00f8res ved hjelp av elektroniske midler;<br \/>\nd) identifikasjonsopplysninger om den behandlingsansvarlige og databehandlere;<br \/>\ne) enheter eller kategorier av enheter som personopplysningene kan formidles til, og hvem eller hvilke som kan f\u00e5 kjennskap til nevnte opplysninger i sin egenskap av utpekte representant(er) p\u00e5 statens territorium, databehandler(e) eller person(er) som er ansvarlig(e) for behandlingen;<br \/>\nf) oppdatering, korrigering eller \u2013 n\u00e5r du er interessert \u2013 tillegg av data;<br \/>\ng) sletting av data, konvertering til anonym informasjon eller frysing av behandlede data som f\u00f8lge av lovbrudd, inkludert data som ikke skal lagres for det form\u00e5let de ble samlet inn eller behandlet for senere.<\/p>\n<p>&nbsp;<\/p>\n<p><strong>Datakontroll\u00f8r<\/strong><\/p>\n<p><span class=\"VIpgJd-yAWNEb-VIpgJd-fmcmS-sn54Q\">Databehandleren for dataene som samles inn av dette nettstedet er\u00a0\u00a0<\/span><strong><span class=\"VIpgJd-yAWNEb-VIpgJd-fmcmS-sn54Q\">SEA Societ\u00e0 Europea Autocaravn\u00a0<\/span><\/strong>\u00a0<strong><span class=\"VIpgJd-yAWNEb-VIpgJd-fmcmS-sn54Q\">S.pA,\u00a0<\/span><\/strong><span class=\"VIpgJd-yAWNEb-VIpgJd-fmcmS-sn54Q\">\u00a0registrert kontor i via Val d&#8217;Aosta n. 4, Localit\u00e0 Fosci, 53036 Poggibonsi (SI) CF e P.IVA n. IT 03345730968, e-post:\u00a0\u00a0<\/span><strong><span class=\"VIpgJd-yAWNEb-VIpgJd-fmcmS-sn54Q\">privacy@trigano.it<\/span><\/strong><br \/>\n<span class=\"VIpgJd-yAWNEb-VIpgJd-fmcmS-sn54Q\">Databehandleren har, i henhold til artikkel 37\u201339 i GDPR, utnevnt en personvernr\u00e5dgiver hvis navn og referanse finnes hos databehandleren. For \u00e5 kontakte personvernr\u00e5dgiveren, send e-post til: dpo@trigano.it.<\/span><br \/>\n<span class=\"VIpgJd-yAWNEb-VIpgJd-fmcmS-sn54Q\">Databehandleren er ikke ansvarlig for \u00e5 oppdatere alle lenkene som vises i denne retningslinjene for informasjonskapsler. Derfor, n\u00e5r en lenke ikke fungerer og\/eller oppdateres, erkjenner og aksepterer brukerne at de alltid m\u00e5 se dokumentet og\/eller delen av nettstedene som det henvises til via den lenken.<\/span><\/p>\n<p>&nbsp;<\/p>\n<p>Informasjonskapsler oppdatert i oktober 2022<\/p>\n","protected":false},"excerpt":{"rendered":"<p>Denne informasjonskapselpolicyen gjelder for bruk av informasjonskapsler p\u00e5 nettstedet\u00a0\u00a0www.mclouis.com For nettstedets personvernerkl\u00e6ring, vennligst\u00a0\u00a0klikk her. Informasjonskapsler er sm\u00e5 tekstfiler som kan brukes av nettsteder for \u00e5 gj\u00f8re opplevelsen din mer effektiv, og som sendes til nettleseren din, hvor de lagres og deretter sendes p\u00e5 nytt til det samme nettstedet neste gang du bes\u00f8ker det. Informasjonskapsler har &hellip; <a href=\"https:\/\/www.mclouis.com\/no\/cookie-policy\/\">Continued<\/a><\/p>\n","protected":false},"author":2,"featured_media":0,"parent":0,"menu_order":0,"comment_status":"closed","ping_status":"closed","template":"","meta":{"_acf_changed":false,"inline_featured_image":false,"footnotes":""},"class_list":["post-3718","page","type-page","status-publish","hentry"],"acf":[],"yoast_head":"<!-- This site is optimized with the Yoast SEO plugin v27.2 - https:\/\/yoast.com\/product\/yoast-seo-wordpress\/ -->\n<title>Informasjonskapsler - McLouis GLOBAL<\/title>\n<meta name=\"robots\" content=\"index, follow, max-snippet:-1, max-image-preview:large, max-video-preview:-1\" \/>\n<link rel=\"canonical\" href=\"https:\/\/www.mclouis.com\/no\/cookie-policy\/\" \/>\n<meta property=\"og:locale\" content=\"nb_NO\" \/>\n<meta property=\"og:type\" content=\"article\" \/>\n<meta property=\"og:title\" content=\"Informasjonskapsler - McLouis GLOBAL\" \/>\n<meta property=\"og:description\" content=\"Denne informasjonskapselpolicyen gjelder for bruk av informasjonskapsler p\u00e5 nettstedet\u00a0\u00a0www.mclouis.com For nettstedets personvernerkl\u00e6ring, vennligst\u00a0\u00a0klikk her. Informasjonskapsler er sm\u00e5 tekstfiler som kan brukes av nettsteder for \u00e5 gj\u00f8re opplevelsen din mer effektiv, og som sendes til nettleseren din, hvor de lagres og deretter sendes p\u00e5 nytt til det samme nettstedet neste gang du bes\u00f8ker det. Informasjonskapsler har &hellip; Continued\" \/>\n<meta property=\"og:url\" content=\"https:\/\/www.mclouis.com\/no\/cookie-policy\/\" \/>\n<meta property=\"og:site_name\" content=\"McLouis GLOBAL\" \/>\n<meta property=\"article:modified_time\" content=\"2025-05-27T12:25:10+00:00\" \/>\n<meta name=\"twitter:card\" content=\"summary_large_image\" \/>\n<meta name=\"twitter:label1\" content=\"Ansl. lesetid\" \/>\n\t<meta name=\"twitter:data1\" content=\"6 minutter\" \/>\n<script type=\"application\/ld+json\" class=\"yoast-schema-graph\">{\"@context\":\"https:\/\/schema.org\",\"@graph\":[{\"@type\":\"WebPage\",\"@id\":\"https:\/\/www.mclouis.com\/no\/cookie-policy\/\",\"url\":\"https:\/\/www.mclouis.com\/no\/cookie-policy\/\",\"name\":\"Informasjonskapsler - McLouis GLOBAL\",\"isPartOf\":{\"@id\":\"https:\/\/www.mclouis.com\/no\/#website\"},\"datePublished\":\"2024-06-04T13:53:24+00:00\",\"dateModified\":\"2025-05-27T12:25:10+00:00\",\"breadcrumb\":{\"@id\":\"https:\/\/www.mclouis.com\/no\/cookie-policy\/#breadcrumb\"},\"inLanguage\":\"nb-NO\",\"potentialAction\":[{\"@type\":\"ReadAction\",\"target\":[\"https:\/\/www.mclouis.com\/no\/cookie-policy\/\"]}]},{\"@type\":\"BreadcrumbList\",\"@id\":\"https:\/\/www.mclouis.com\/no\/cookie-policy\/#breadcrumb\",\"itemListElement\":[{\"@type\":\"ListItem\",\"position\":1,\"name\":\"Home\",\"item\":\"https:\/\/www.mclouis.com\/no\/\"},{\"@type\":\"ListItem\",\"position\":2,\"name\":\"Informasjonskapsler\"}]},{\"@type\":\"WebSite\",\"@id\":\"https:\/\/www.mclouis.com\/no\/#website\",\"url\":\"https:\/\/www.mclouis.com\/no\/\",\"name\":\"McLouis GLOBAL\",\"description\":\"\",\"potentialAction\":[{\"@type\":\"SearchAction\",\"target\":{\"@type\":\"EntryPoint\",\"urlTemplate\":\"https:\/\/www.mclouis.com\/no\/?s={search_term_string}\"},\"query-input\":{\"@type\":\"PropertyValueSpecification\",\"valueRequired\":true,\"valueName\":\"search_term_string\"}}],\"inLanguage\":\"nb-NO\"}]}<\/script>\n<!-- \/ Yoast SEO plugin. -->","yoast_head_json":{"title":"Informasjonskapsler - McLouis GLOBAL","robots":{"index":"index","follow":"follow","max-snippet":"max-snippet:-1","max-image-preview":"max-image-preview:large","max-video-preview":"max-video-preview:-1"},"canonical":"https:\/\/www.mclouis.com\/no\/cookie-policy\/","og_locale":"nb_NO","og_type":"article","og_title":"Informasjonskapsler - McLouis GLOBAL","og_description":"Denne informasjonskapselpolicyen gjelder for bruk av informasjonskapsler p\u00e5 nettstedet\u00a0\u00a0www.mclouis.com For nettstedets personvernerkl\u00e6ring, vennligst\u00a0\u00a0klikk her. Informasjonskapsler er sm\u00e5 tekstfiler som kan brukes av nettsteder for \u00e5 gj\u00f8re opplevelsen din mer effektiv, og som sendes til nettleseren din, hvor de lagres og deretter sendes p\u00e5 nytt til det samme nettstedet neste gang du bes\u00f8ker det. Informasjonskapsler har &hellip; Continued","og_url":"https:\/\/www.mclouis.com\/no\/cookie-policy\/","og_site_name":"McLouis GLOBAL","article_modified_time":"2025-05-27T12:25:10+00:00","twitter_card":"summary_large_image","twitter_misc":{"Ansl. lesetid":"6 minutter"},"schema":{"@context":"https:\/\/schema.org","@graph":[{"@type":"WebPage","@id":"https:\/\/www.mclouis.com\/no\/cookie-policy\/","url":"https:\/\/www.mclouis.com\/no\/cookie-policy\/","name":"Informasjonskapsler - McLouis GLOBAL","isPartOf":{"@id":"https:\/\/www.mclouis.com\/no\/#website"},"datePublished":"2024-06-04T13:53:24+00:00","dateModified":"2025-05-27T12:25:10+00:00","breadcrumb":{"@id":"https:\/\/www.mclouis.com\/no\/cookie-policy\/#breadcrumb"},"inLanguage":"nb-NO","potentialAction":[{"@type":"ReadAction","target":["https:\/\/www.mclouis.com\/no\/cookie-policy\/"]}]},{"@type":"BreadcrumbList","@id":"https:\/\/www.mclouis.com\/no\/cookie-policy\/#breadcrumb","itemListElement":[{"@type":"ListItem","position":1,"name":"Home","item":"https:\/\/www.mclouis.com\/no\/"},{"@type":"ListItem","position":2,"name":"Informasjonskapsler"}]},{"@type":"WebSite","@id":"https:\/\/www.mclouis.com\/no\/#website","url":"https:\/\/www.mclouis.com\/no\/","name":"McLouis GLOBAL","description":"","potentialAction":[{"@type":"SearchAction","target":{"@type":"EntryPoint","urlTemplate":"https:\/\/www.mclouis.com\/no\/?s={search_term_string}"},"query-input":{"@type":"PropertyValueSpecification","valueRequired":true,"valueName":"search_term_string"}}],"inLanguage":"nb-NO"}]}},"_links":{"self":[{"href":"https:\/\/www.mclouis.com\/no\/wp-json\/wp\/v2\/pages\/3718","targetHints":{"allow":["GET"]}}],"collection":[{"href":"https:\/\/www.mclouis.com\/no\/wp-json\/wp\/v2\/pages"}],"about":[{"href":"https:\/\/www.mclouis.com\/no\/wp-json\/wp\/v2\/types\/page"}],"author":[{"embeddable":true,"href":"https:\/\/www.mclouis.com\/no\/wp-json\/wp\/v2\/users\/2"}],"replies":[{"embeddable":true,"href":"https:\/\/www.mclouis.com\/no\/wp-json\/wp\/v2\/comments?post=3718"}],"version-history":[{"count":4,"href":"https:\/\/www.mclouis.com\/no\/wp-json\/wp\/v2\/pages\/3718\/revisions"}],"predecessor-version":[{"id":12056,"href":"https:\/\/www.mclouis.com\/no\/wp-json\/wp\/v2\/pages\/3718\/revisions\/12056"}],"wp:attachment":[{"href":"https:\/\/www.mclouis.com\/no\/wp-json\/wp\/v2\/media?parent=3718"}],"curies":[{"name":"wp","href":"https:\/\/api.w.org\/{rel}","templated":true}]}}